{"id":9093,"date":"2025-12-03T15:31:55","date_gmt":"2025-12-03T08:31:55","guid":{"rendered":"https:\/\/yuancarevietnam.com\/?post_type=product&#038;p=9093"},"modified":"2026-04-02T10:46:16","modified_gmt":"2026-04-02T03:46:16","slug":"year-end-sale-tinh-chat-ngai-cuu","status":"publish","type":"product","link":"https:\/\/yuancarevietnam.com\/en\/product\/year-end-sale-tinh-chat-ngai-cuu\/","title":{"rendered":"[S\u1ea2N PH\u1ea8M DATE NG\u1eaeN D\u01af\u1edaI 6 TH\u00c1NG] TINH CH\u1ea4T NG\u1ea2I C\u1ee8U 30ML"},"content":{"rendered":"<p>D\u00f2ng tinh ch\u1ea5t to\u00e0n di\u1ec7n, gi\u00fap ph\u1ee5c h\u1ed3i, d\u01b0\u1ee1ng \u1ea9m v\u00e0 ch\u1ed1ng l\u00e3o h\u00f3a hi\u1ec7u qu\u1ea3 cho m\u1ecdi lo\u1ea1i da, \u0111\u1eb7c bi\u1ec7t l\u00e0 da d\u1ea7u v\u00e0 nh\u1ea1y c\u1ea3m. V\u1edbi th\u00e0nh ph\u1ea7n ch\u00ednh t\u1eeb ng\u1ea3i c\u1ee9u , s\u1ea3n ph\u1ea9m l\u00e0m d\u1ecbu da, gi\u1ea3m ng\u1ee9a v\u00e0 vi\u00eam. C\u00f9ng v\u1edbi Panthenol (vitamin B5) \u0111\u01b0\u1ee3c chi\u1ebft xu\u1ea5t t\u1eeb qu\u1ea3 ch\u00f9m ru\u1ed9t n\u00fai, gi\u00fap cung c\u1ea5p \u0111\u1ed9 \u1ea9m s\u00e2u v\u00e0 l\u00e0m s\u00e1ng da. K\u1ebft h\u1ee3p v\u1edbi chi\u1ebft xu\u1ea5t tr\u00e0 tr\u1eafng, ngh\u1ec7 t\u00e2y v\u00e0 Ceramide-3, s\u1ea3n ph\u1ea9m b\u1ea3o v\u1ec7 da, gi\u00fap c\u1ea3i thi\u1ec7n \u0111\u1ed9 \u0111\u00e0n h\u1ed3i v\u00e0 t\u00e1i t\u1ea1o h\u00e0ng r\u00e0o b\u1ea3o v\u1ec7 da.<\/p>\n<p><strong>Uses:<\/strong> Ph\u1ee5c h\u1ed3i, d\u01b0\u1ee1ng \u1ea9m v\u00e0 ch\u1ed1ng l\u00e3o h\u00f3a.<\/p>\n<p><strong>Ingredient:<\/strong> Water, glycerin, glyceryl polyacrylate, pentylene glycol, sodium polyacryloyldimethyl taurate, hydrogenated polydecene, trideceth-10, propanediol, panthenol, phenoxyethanol, osmanthus fragrans flower extract, butylene glycol, caprylyl glycol, acacia senegal gum, crocus sativus flower extract, phyllanthus emblica fruit extract, isostearyl alcohol, ceramide np, artemisia vulgaris oil, pogostemon cablin oil, vetiveria zizanoides root oil, lavandula angustifolia oil, juniperus communis fruit oil, chlorphenesin, artemisia vulgaris extract, potassium sorbate, camellia sinensis leaf extract, sodium acrylates copolymer, lecithin, ethylhexylglycerin, dipotassium glycyrrhizate.<\/p>\n<p><strong>V\u1ec1 s\u1ea3n ph\u1ea9m d\u01b0\u1ee1ng da c\u1ee7a Yuan:<\/strong> Yuan&#039;s skin care products are a combination of the essence of nature and modern technology, bringing healthy and beautiful skin from within. With natural plant extracts and advanced cold extraction technology, the product retains the essence of nutrients, helping the skin absorb easily and effectively. The formula contains pure natural essential oils, optimally caring for and protecting the skin. Without using petrochemical ingredients, the product minimizes damage to the skin and does not contain artificial fragrances or colorants, providing absolute safety and benignity. Yuan - the perfect choice for naturally healthy and beautiful skin.<\/p>\n<p><strong>Instructions for use:<\/strong><\/p>\n<p><strong>B\u01b0\u1edbc 1:<\/strong> L\u1ea5y m\u1ed9t l\u01b0\u1ee3ng serum v\u1eeba \u0111\u1ee7 d\u00f9ng l\u00ean \u0111\u1ea7u ng\u00f3n tay.<\/p>\n<p><strong>B\u01b0\u1edbc 2:<\/strong> Ch\u1ea5m nh\u1eb9 serum l\u00ean \u0111\u1ec1u kh\u1eafp m\u1eb7t nh\u01b0 tr\u00e1n, m\u00e1, m\u0169i, c\u1eb1m v\u00e0 c\u1ea3 v\u00f9ng c\u1ed5.<\/p>\n<p><strong>B\u01b0\u1edbc 3:<\/strong> V\u1ed7 v\u00e0 massage da m\u1eb7t \u0111\u1ec1u t\u1eeb tr\u00ean xu\u1ed1ng d\u01b0\u1edbi m\u1ed9t c\u00e1ch nh\u1eb9 nh\u00e0ng \u0111\u1ec3 k\u00edch th\u00edch c\u00e1c m\u1ea1ch m\u00e1u. Gi\u00fap cho tinh ch\u1ea5t serum t\u0103ng kh\u1ea3 n\u0103ng th\u1ea9m th\u1ea5u v\u00e0o trong, \u0111\u1ea1t hi\u1ec7u qu\u1ea3 ch\u0103m s\u00f3c da t\u1ed1i \u01b0u.<\/p>\n<p><strong>B\u01b0\u1edbc 4<\/strong>: C\u00f3 th\u1ec3 s\u1eed d\u1ee5ng serum d\u01b0\u1ee1ng da v\u00e0o c\u1ea3 ban ng\u00e0y v\u00e0 ban \u0111\u00eam \u0111\u1ec3 t\u0103ng hi\u1ec7u qu\u1ea3 t\u1ed1t nh\u1ea5t cho da.<\/p>\n<p><b>Information<\/b><b>\u00a0believe\u00a0<\/b><b>about<\/b><b>\u00a0Yuan<\/b><\/p>\n<p>YUAN \u2013 Herbal expert from Taiwan. Established in 2005, started the journey with Taiwanese herbal products, combining Oriental health care methods and the philosophy of \u201cLiving is loving the body and being good to the environment\u201d.<\/p>\n<p>From the YUAN Farm in Yangmingshan, where YUAN grows herbs using the \u201cHeaven gives birth to elephants and grasses\u201d method, we utilize natural resources to create the purest and highest quality body care products. YUAN brings a delicate combination of artisanal spirit, labor aesthetics and herbal wisdom, to bring you healthy and radiant skin through natural and effective skin care products.<\/p>\n<p>Yuan\u2019s product portfolio ranges from body care, hair care, skin care, oral care, and aromatherapy, and features handmade soaps. Each bar is handcrafted in 18 steps and cold-pressed for 60 days to preserve the properties of the herbs.<\/p>\n<p>The ingredients in Yuan products are mostly extracted from natural and environmentally friendly ingredients that help restore your skin thanks to the powerful properties of precious herbs. The products do not contain preservatives, artificial colors or fragrances, providing safety and optimal effectiveness for users.<\/p>","protected":false},"excerpt":{"rendered":"<p>V\u1edbi h\u1ea1n d\u00f9ng d\u01b0\u1edbi 6 th\u00e1ng, YUAN v\u1eabn gi\u1eef tr\u1ecdn b\u1ea3n ch\u1ea5t &#8216;t\u01b0\u01a1i&#8217; v\u00e0 ngu\u1ed3n n\u0103ng l\u01b0\u1ee3ng thu\u1ea7n khi\u1ebft c\u1ee7a th\u1ea3o m\u1ed9c. S\u1ea3n ph\u1ea9m ho\u00e0n to\u00e0n kh\u00f4ng ch\u1ee9a ch\u1ea5t b\u1ea3o qu\u1ea3n h\u00f3a h\u1ecdc, mang l\u1ea1i s\u1ef1 an t\u00e2m tuy\u1ec7t \u0111\u1ed1i cho l\u00e0n da b\u1ea1n.<\/p>\n<p><b>Net<\/b>\u00a0<b>volume<\/b>\u00a0<b>: 115<\/b><b>: 30ml<br \/>\n<\/b>Comprehensive essence line, helps restore, moisturize and effectively anti-aging for all skin types, especially oily and sensitive skin. With the main ingredient of mugwort, the product soothes the skin, reduces itching and inflammation. Along with Panthenol (vitamin B5) extracted from mountain gooseberry, helps provide deep moisture and brightens the skin. Combined with white tea extract, saffron and Ceramide-3, the product protects the skin, helps improve elasticity and regenerate the skin barrier.<\/p>","protected":false},"featured_media":9207,"comment_status":"open","ping_status":"closed","template":"","meta":[],"product_brand":[],"product_cat":[88],"product_tag":[],"class_list":{"0":"post-9093","1":"product","2":"type-product","3":"status-publish","4":"has-post-thumbnail","6":"product_cat-cham-soc-da","8":"first","9":"instock","10":"sale","11":"shipping-taxable","12":"purchasable","13":"product-type-simple"},"_links":{"self":[{"href":"https:\/\/yuancarevietnam.com\/en\/wp-json\/wp\/v2\/product\/9093","targetHints":{"allow":["GET"]}}],"collection":[{"href":"https:\/\/yuancarevietnam.com\/en\/wp-json\/wp\/v2\/product"}],"about":[{"href":"https:\/\/yuancarevietnam.com\/en\/wp-json\/wp\/v2\/types\/product"}],"replies":[{"embeddable":true,"href":"https:\/\/yuancarevietnam.com\/en\/wp-json\/wp\/v2\/comments?post=9093"}],"version-history":[{"count":6,"href":"https:\/\/yuancarevietnam.com\/en\/wp-json\/wp\/v2\/product\/9093\/revisions"}],"predecessor-version":[{"id":9208,"href":"https:\/\/yuancarevietnam.com\/en\/wp-json\/wp\/v2\/product\/9093\/revisions\/9208"}],"wp:featuredmedia":[{"embeddable":true,"href":"https:\/\/yuancarevietnam.com\/en\/wp-json\/wp\/v2\/media\/9207"}],"wp:attachment":[{"href":"https:\/\/yuancarevietnam.com\/en\/wp-json\/wp\/v2\/media?parent=9093"}],"wp:term":[{"taxonomy":"product_brand","embeddable":true,"href":"https:\/\/yuancarevietnam.com\/en\/wp-json\/wp\/v2\/product_brand?post=9093"},{"taxonomy":"product_cat","embeddable":true,"href":"https:\/\/yuancarevietnam.com\/en\/wp-json\/wp\/v2\/product_cat?post=9093"},{"taxonomy":"product_tag","embeddable":true,"href":"https:\/\/yuancarevietnam.com\/en\/wp-json\/wp\/v2\/product_tag?post=9093"}],"curies":[{"name":"wp","href":"https:\/\/api.w.org\/{rel}","templated":true}]}}