{"id":9090,"date":"2025-12-03T15:28:00","date_gmt":"2025-12-03T08:28:00","guid":{"rendered":"https:\/\/yuancarevietnam.com\/?post_type=product&#038;p=9090"},"modified":"2026-04-03T16:30:10","modified_gmt":"2026-04-03T09:30:10","slug":"year-end-sale-dau-goi-oai-huong-dang-gel","status":"publish","type":"product","link":"https:\/\/yuancarevietnam.com\/en\/product\/year-end-sale-dau-goi-oai-huong-dang-gel\/","title":{"rendered":"[S\u1ea2N PH\u1ea8M DATE NG\u1eaeN D\u01af\u1edaI 6 TH\u00c1NG] D\u1ea6U G\u1ed8I O\u1ea2I H\u01af\u01a0NG D\u1ea0NG GEL 250ML"},"content":{"rendered":"<p><b>Funtions<\/b>\u00a0<b>&amp; skin type<\/b><b>:<\/b><\/p>\n<p>Lavender shampoo product, brings a refreshing feeling and helps reduce unpleasant odors. With the ability to deeply clean the scalp, the product effectively balances sebum. The transparent and pure formula, rich in nutrients from herbal essential oils, helps regenerate and volumize hair, leaving hair soft, smooth and full of bounce. Especially suitable for oily scalp.<\/p>\n<p><b>Information<\/b><b>\u00a0believe\u00a0<\/b><b>about<\/b><b>\u00a0Yuan<\/b><\/p>\n<p>YUAN \u2013 Herbal expert from Taiwan. Established in 2005, started the journey with Taiwanese herbal products, combining Oriental health care methods and the philosophy of \u201cLiving is loving the body and being good to the environment\u201d.<\/p>\n<p>From the YUAN Farm in Yangmingshan, where YUAN grows herbs using the \u201cHeaven gives birth to elephants and grasses\u201d method, we utilize natural resources to create the purest and highest quality body care products. YUAN brings a delicate combination of artisanal spirit, labor aesthetics and herbal wisdom, to bring you healthy and radiant skin through natural and effective skin care products.<\/p>\n<p>Yuan\u2019s product portfolio ranges from body care, hair care, skin care, oral care, and aromatherapy, and features handmade soaps. Each bar is handcrafted in 18 steps and cold-pressed for 60 days to preserve the properties of the herbs.<\/p>\n<p>The ingredients in Yuan products are mostly extracted from natural and environmentally friendly ingredients that help restore your skin thanks to the powerful properties of precious herbs. The products do not contain preservatives, artificial colors or fragrances, providing safety and optimal effectiveness for users.<\/p>","protected":false},"excerpt":{"rendered":"<p>V\u1edbi h\u1ea1n d\u00f9ng 6 th\u00e1ng, YUAN v\u1eabn gi\u1eef tr\u1ecdn b\u1ea3n ch\u1ea5t &#8216;t\u01b0\u01a1i&#8217; v\u00e0 ngu\u1ed3n n\u0103ng l\u01b0\u1ee3ng thu\u1ea7n khi\u1ebft c\u1ee7a th\u1ea3o m\u1ed9c. S\u1ea3n ph\u1ea9m ho\u00e0n to\u00e0n kh\u00f4ng ch\u1ee9a ch\u1ea5t b\u1ea3o qu\u1ea3n h\u00f3a h\u1ecdc, mang l\u1ea1i s\u1ef1 an t\u00e2m tuy\u1ec7t \u0111\u1ed1i cho b\u1ea1n.<\/p>","protected":false},"featured_media":9209,"comment_status":"open","ping_status":"closed","template":"","meta":[],"product_brand":[],"product_cat":[67],"product_tag":[],"class_list":{"0":"post-9090","1":"product","2":"type-product","3":"status-publish","4":"has-post-thumbnail","6":"product_cat-cham-soc-toc","8":"first","9":"instock","10":"sale","11":"shipping-taxable","12":"purchasable","13":"product-type-simple"},"_links":{"self":[{"href":"https:\/\/yuancarevietnam.com\/en\/wp-json\/wp\/v2\/product\/9090","targetHints":{"allow":["GET"]}}],"collection":[{"href":"https:\/\/yuancarevietnam.com\/en\/wp-json\/wp\/v2\/product"}],"about":[{"href":"https:\/\/yuancarevietnam.com\/en\/wp-json\/wp\/v2\/types\/product"}],"replies":[{"embeddable":true,"href":"https:\/\/yuancarevietnam.com\/en\/wp-json\/wp\/v2\/comments?post=9090"}],"version-history":[{"count":0,"href":"https:\/\/yuancarevietnam.com\/en\/wp-json\/wp\/v2\/product\/9090\/revisions"}],"wp:featuredmedia":[{"embeddable":true,"href":"https:\/\/yuancarevietnam.com\/en\/wp-json\/wp\/v2\/media\/9209"}],"wp:attachment":[{"href":"https:\/\/yuancarevietnam.com\/en\/wp-json\/wp\/v2\/media?parent=9090"}],"wp:term":[{"taxonomy":"product_brand","embeddable":true,"href":"https:\/\/yuancarevietnam.com\/en\/wp-json\/wp\/v2\/product_brand?post=9090"},{"taxonomy":"product_cat","embeddable":true,"href":"https:\/\/yuancarevietnam.com\/en\/wp-json\/wp\/v2\/product_cat?post=9090"},{"taxonomy":"product_tag","embeddable":true,"href":"https:\/\/yuancarevietnam.com\/en\/wp-json\/wp\/v2\/product_tag?post=9090"}],"curies":[{"name":"wp","href":"https:\/\/api.w.org\/{rel}","templated":true}]}}