{"id":9085,"date":"2025-12-03T15:20:31","date_gmt":"2025-12-03T08:20:31","guid":{"rendered":"https:\/\/yuancarevietnam.com\/?post_type=product&#038;p=9085"},"modified":"2026-04-07T15:59:11","modified_gmt":"2026-04-07T08:59:11","slug":"year-end-sale-mat-na-nuoi-duong","status":"publish","type":"product","link":"https:\/\/yuancarevietnam.com\/en\/product\/year-end-sale-mat-na-nuoi-duong\/","title":{"rendered":"[S\u1ea2N PH\u1ea8M DATE NG\u1eaeN D\u01af\u1edaI 12 TH\u00c1NG] M\u1eb6T N\u1ea0 NG\u1ee6 NU\u00d4I D\u01af\u1ee0NG"},"content":{"rendered":"<p><b>Funtions<\/b>\u00a0<b>&amp; skin type<\/b><b>:<\/b><\/p>\n<p>Deeply locks in moisture, restores skin elasticity.<\/p>\n<p><b>Wall\u00a0<\/b><b>part<\/b><b>:<\/b><\/p>\n<p>water, glycerin, cetearyl olivate, sorbitan olivate, caprylic\/capric triglyceride, butyrospermum parkii (shea) butter, persea gratissima (avocado) oil, butylene glycol, phenoxyethanol, biosaccharide gum-1, bis-diglyceryl polyacyladipate-2, maltodextrin, sodium citrate , citric acid, cyanocobalamin, niacinamide, hydroxyacetophenone, 1,2-hexanediol, glycosyl trehalose, hydrogenated starch hydrolysate, allantoin, chlorphenesin, brassica campestris (rapeseed) sterols, cetearyl alcohol, mannitol, ammonium glycyrrhizate, caffeine, zinc gluconate, aesculus hippocastanum ( horse chestnut) seed, leontopodium alpinum flower\/leaf extract, sodium benzoate, potassium sorbate, disodium edta xanthan gum, houttuynia cordata extract, alpinia speciosa leaf extract, jasminum grandiflorum extract, salvia sclarea (clary) oil, citrus aurantifolia (lime) oil, citrus aurantium bergamia (bergamot) fruit oil, pelargonium graveolens oil illicium verum\uff08 anise\uff09oil saccharomyces\/rice ferment filtrate, pentylene glycol, ethylhexylglycerin, euterpe oleracea fruit extract, leuconostoc\/radish root ferment filtrate<\/p>\n<p><b>About<\/b>\u00a0<b>product<\/b>\u00a0<b>product<\/b>\u00a0<b>nourish<\/b><b>\u00a0skin\u00a0<\/b><b>belong to<\/b><b>\u00a0Yuan:<\/b><\/p>\n<p>S\u1ea3n ph\u1ea9m d\u01b0\u1ee1ng da c\u1ee7a Yuan l\u00e0 s\u1ef1 k\u1ebft h\u1ee3p gi\u1eefa tinh hoa thi\u00ean nhi\u00ean v\u00e0 c\u00f4ng ngh\u1ec7 hi\u1ec7n \u0111\u1ea1i, mang \u0111\u1ebfn l\u00e0n da kh\u1ecfe \u0111\u1eb9p t\u1eeb b\u00ean trong. V\u1edbi chi\u1ebft xu\u1ea5t th\u1ef1c v\u1eadt t\u1ef1 nhi\u00ean v\u00e0 c\u00f4ng ngh\u1ec7 chi\u1ebft xu\u1ea5t l\u1ea1nh ti\u00ean ti\u1ebfn, s\u1ea3n ph\u1ea9m gi\u1eef nguy\u00ean v\u1eb9n c\u00e1c d\u01b0\u1ee1ng ch\u1ea5t tinh t\u00fay, gi\u00fap da h\u1ea5p th\u1ee5 d\u1ec5 d\u00e0ng v\u00e0 hi\u1ec7u qu\u1ea3. C\u00f4ng th\u1ee9c ch\u1ee9a tinh d\u1ea7u thi\u00ean nhi\u00ean tinh khi\u1ebft, ch\u0103m s\u00f3c v\u00e0 b\u1ea3o v\u1ec7 da t\u1ed1i \u01b0u. Kh\u00f4ng s\u1eed d\u1ee5ng nguy\u00ean li\u1ec7u h\u00f3a d\u1ea7u, s\u1ea3n ph\u1ea9m gi\u1ea3m thi\u1ec3u t\u1ed1i \u0111a t\u1ed5n h\u1ea1i cho da v\u00e0 kh\u00f4ng ch\u1ee9a h\u01b0\u01a1ng li\u1ec7u hay ch\u1ea5t t\u1ea1o m\u00e0u nh\u00e2n t\u1ea1o, mang l\u1ea1i s\u1ef1 an to\u00e0n v\u00e0 l\u00e0nh t\u00ednh tuy\u1ec7t \u0111\u1ed1i. Yuan \u2013 l\u1ef1a ch\u1ecdn ho\u00e0n h\u1ea3o cho l\u00e0n da kh\u1ecfe \u0111\u1eb9p t\u1ef1 nhi\u00ean.<\/p>\n<p><b>Direction<\/b>\u00a0<b>guide<\/b>\u00a0<b>history<\/b>\u00a0<b>&amp; skin type<\/b><b>:<\/b><\/p>\n<p>Use the product as the last step in your daily skincare routine. It helps to seal in the ingredients and creams you just applied to your face, preventing them from evaporating quickly and enhancing the effectiveness of your skincare.<\/p>\n<p>*Avoid using skin care products containing acids before applying this night gel. This may cause the acid ingredients to stay on the skin for a long time, causing skin sensitivity and redness.<\/p>\n<p>Method 1: After cleansing and completing your daily skin care routine, avoiding the eye and lip areas, apply a thin, even layer of the gel mask over the entire face. Use a soft tissue to absorb excess gel as needed, leave overnight and wash your face with warm water the next morning.<\/p>\n<p>Method 2: After cleansing your face, take an appropriate amount of gel mask and apply a thick layer to the entire face or area that needs care. Leave the mask on your skin for about 10-15 minutes, then rinse with warm water. Please continue with your daily skin care routine afterwards.<\/p>\n<p><b>Information\u00a0<\/b><b>about<\/b><b>\u00a0Yuan<\/b><\/p>\n<p>YUAN \u2013 Herbal expert from Taiwan. Established in 2005, started the journey with Taiwanese herbal products, combining Oriental health care methods and the philosophy of \u201cLiving is loving the body and being good to the environment\u201d.<\/p>\n<p>From the YUAN Farm in Yangmingshan, where YUAN grows herbs using the \u201cHeaven gives birth to elephants and grasses\u201d method, we utilize natural resources to create the purest and highest quality body care products. YUAN brings a delicate combination of artisanal spirit, labor aesthetics and herbal wisdom, to bring you healthy and radiant skin through natural and effective skin care products.<\/p>\n<p>Yuan\u2019s product portfolio ranges from body care, hair care, skin care, oral care, and aromatherapy, and features handmade soaps. Each bar is handcrafted in 18 steps and cold-pressed for 60 days to preserve the properties of the herbs.<\/p>\n<p>The ingredients in Yuan products are mostly extracted from natural and environmentally friendly ingredients that help restore your skin thanks to the powerful properties of precious herbs. The products do not contain preservatives, artificial colors or fragrances, providing safety and optimal effectiveness for users.<\/p>","protected":false},"excerpt":{"rendered":"<p>V\u1edbi h\u1ea1n d\u00f9ng 6 th\u00e1ng, YUAN v\u1eabn gi\u1eef tr\u1ecdn b\u1ea3n ch\u1ea5t &#8216;t\u01b0\u01a1i&#8217; v\u00e0 ngu\u1ed3n n\u0103ng l\u01b0\u1ee3ng thu\u1ea7n khi\u1ebft c\u1ee7a th\u1ea3o m\u1ed9c. S\u1ea3n ph\u1ea9m ho\u00e0n to\u00e0n kh\u00f4ng ch\u1ee9a ch\u1ea5t b\u1ea3o qu\u1ea3n h\u00f3a h\u1ecdc, mang l\u1ea1i s\u1ef1 an t\u00e2m tuy\u1ec7t \u0111\u1ed1i cho l\u00e0n da b\u1ea1n.<\/p>","protected":false},"featured_media":9242,"comment_status":"open","ping_status":"closed","template":"","meta":[],"product_brand":[],"product_cat":[88],"product_tag":[],"class_list":{"0":"post-9085","1":"product","2":"type-product","3":"status-publish","4":"has-post-thumbnail","6":"product_cat-cham-soc-da","8":"first","9":"instock","10":"sale","11":"shipping-taxable","12":"purchasable","13":"product-type-variable","14":"has-default-attributes"},"_links":{"self":[{"href":"https:\/\/yuancarevietnam.com\/en\/wp-json\/wp\/v2\/product\/9085","targetHints":{"allow":["GET"]}}],"collection":[{"href":"https:\/\/yuancarevietnam.com\/en\/wp-json\/wp\/v2\/product"}],"about":[{"href":"https:\/\/yuancarevietnam.com\/en\/wp-json\/wp\/v2\/types\/product"}],"replies":[{"embeddable":true,"href":"https:\/\/yuancarevietnam.com\/en\/wp-json\/wp\/v2\/comments?post=9085"}],"version-history":[{"count":7,"href":"https:\/\/yuancarevietnam.com\/en\/wp-json\/wp\/v2\/product\/9085\/revisions"}],"predecessor-version":[{"id":9253,"href":"https:\/\/yuancarevietnam.com\/en\/wp-json\/wp\/v2\/product\/9085\/revisions\/9253"}],"wp:featuredmedia":[{"embeddable":true,"href":"https:\/\/yuancarevietnam.com\/en\/wp-json\/wp\/v2\/media\/9242"}],"wp:attachment":[{"href":"https:\/\/yuancarevietnam.com\/en\/wp-json\/wp\/v2\/media?parent=9085"}],"wp:term":[{"taxonomy":"product_brand","embeddable":true,"href":"https:\/\/yuancarevietnam.com\/en\/wp-json\/wp\/v2\/product_brand?post=9085"},{"taxonomy":"product_cat","embeddable":true,"href":"https:\/\/yuancarevietnam.com\/en\/wp-json\/wp\/v2\/product_cat?post=9085"},{"taxonomy":"product_tag","embeddable":true,"href":"https:\/\/yuancarevietnam.com\/en\/wp-json\/wp\/v2\/product_tag?post=9085"}],"curies":[{"name":"wp","href":"https:\/\/api.w.org\/{rel}","templated":true}]}}