{"id":9077,"date":"2025-12-03T15:13:28","date_gmt":"2025-12-03T08:13:28","guid":{"rendered":"https:\/\/yuancarevietnam.com\/?post_type=product&#038;p=9077"},"modified":"2026-04-01T17:25:52","modified_gmt":"2026-04-01T10:25:52","slug":"year-end-sale-mat-na-duong-am-ngai-cuu-hop-5-cai-2","status":"publish","type":"product","link":"https:\/\/yuancarevietnam.com\/en\/product\/year-end-sale-mat-na-duong-am-ngai-cuu-hop-5-cai-2\/","title":{"rendered":"[S\u1ea2N PH\u1ea8M DATE NG\u1eaeN D\u01af\u1edaI 6 TH\u00c1NG] M\u1eb6T N\u1ea0 D\u01af\u1ee0NG \u1ea8M NG\u1ea2I C\u1ee8U (H\u1ed8P 5 C\u00c1I)"},"content":{"rendered":"","protected":false},"excerpt":{"rendered":"<p>V\u1edbi h\u1ea1n d\u00f9ng 6 th\u00e1ng, YUAN v\u1eabn gi\u1eef tr\u1ecdn b\u1ea3n ch\u1ea5t &#8216;t\u01b0\u01a1i&#8217; v\u00e0 ngu\u1ed3n n\u0103ng l\u01b0\u1ee3ng thu\u1ea7n khi\u1ebft c\u1ee7a th\u1ea3o m\u1ed9c. S\u1ea3n ph\u1ea9m ho\u00e0n to\u00e0n kh\u00f4ng ch\u1ee9a ch\u1ea5t b\u1ea3o qu\u1ea3n h\u00f3a h\u1ecdc, mang l\u1ea1i s\u1ef1 an t\u00e2m tuy\u1ec7t \u0111\u1ed1i cho l\u00e0n da b\u1ea1n.<\/p>","protected":false},"featured_media":9192,"comment_status":"open","ping_status":"closed","template":"","meta":[],"product_brand":[],"product_cat":[88],"product_tag":[110],"class_list":{"0":"post-9077","1":"product","2":"type-product","3":"status-publish","4":"has-post-thumbnail","6":"product_cat-cham-soc-da","7":"product_tag-sale-20items","9":"first","10":"instock","11":"sale","12":"shipping-taxable","13":"purchasable","14":"product-type-variable"},"_links":{"self":[{"href":"https:\/\/yuancarevietnam.com\/en\/wp-json\/wp\/v2\/product\/9077","targetHints":{"allow":["GET"]}}],"collection":[{"href":"https:\/\/yuancarevietnam.com\/en\/wp-json\/wp\/v2\/product"}],"about":[{"href":"https:\/\/yuancarevietnam.com\/en\/wp-json\/wp\/v2\/types\/product"}],"replies":[{"embeddable":true,"href":"https:\/\/yuancarevietnam.com\/en\/wp-json\/wp\/v2\/comments?post=9077"}],"version-history":[{"count":4,"href":"https:\/\/yuancarevietnam.com\/en\/wp-json\/wp\/v2\/product\/9077\/revisions"}],"predecessor-version":[{"id":9196,"href":"https:\/\/yuancarevietnam.com\/en\/wp-json\/wp\/v2\/product\/9077\/revisions\/9196"}],"wp:featuredmedia":[{"embeddable":true,"href":"https:\/\/yuancarevietnam.com\/en\/wp-json\/wp\/v2\/media\/9192"}],"wp:attachment":[{"href":"https:\/\/yuancarevietnam.com\/en\/wp-json\/wp\/v2\/media?parent=9077"}],"wp:term":[{"taxonomy":"product_brand","embeddable":true,"href":"https:\/\/yuancarevietnam.com\/en\/wp-json\/wp\/v2\/product_brand?post=9077"},{"taxonomy":"product_cat","embeddable":true,"href":"https:\/\/yuancarevietnam.com\/en\/wp-json\/wp\/v2\/product_cat?post=9077"},{"taxonomy":"product_tag","embeddable":true,"href":"https:\/\/yuancarevietnam.com\/en\/wp-json\/wp\/v2\/product_tag?post=9077"}],"curies":[{"name":"wp","href":"https:\/\/api.w.org\/{rel}","templated":true}]}}