{"id":8937,"date":"2025-11-14T15:31:17","date_gmt":"2025-11-14T08:31:17","guid":{"rendered":"https:\/\/yuancarevietnam.com\/?post_type=product&#038;p=8937"},"modified":"2026-04-06T15:29:03","modified_gmt":"2026-04-06T08:29:03","slug":"set-2-dau-goi-va-dau-xa-rieng-dep","status":"publish","type":"product","link":"https:\/\/yuancarevietnam.com\/en\/product\/set-2-dau-goi-va-dau-xa-rieng-dep\/","title":{"rendered":"[S\u1ea2N PH\u1ea8M DATE NG\u1eaeN D\u01af\u1edaI 6 TH\u00c1NG] D\u1ea6U X\u1ea2 RI\u1ec0NG \u0110\u1eb8P"},"content":{"rendered":"<p><strong>Uses:<\/strong>Nu\u00f4i d\u01b0\u1ee1ng v\u00e0 l\u00e0m m\u1ec1m t\u1eebng s\u1ee3i t\u00f3c.<\/p>\n<p><strong>About Yuan&#039;s herbal shampoo products:<\/strong><\/p>\n<p>6-free principle: No silicone (dimethicone) - no foaming agent - no thickener - no colorant - no artificial fragrance - no synthetic chemical preservatives. The foam in Yuan shampoo is extracted from natural ingredients and amino acids of plant origin, helping to gently clean without drying the hair or scalp. The nutrients from natural herbs are distilled to bring smooth, shiny hair. After use, the foam completely decomposes in water and does not harm the natural environment. This is the result of Yuan&#039;s research that is both beneficial to users and environmentally friendly.<\/p>\n<p><strong>Instructions for use:<\/strong><\/p>\n<ul data-start=\"173\" data-end=\"454\">\n<li data-start=\"173\" data-end=\"222\">\n<p data-start=\"175\" data-end=\"222\">Sau khi g\u1ed9i s\u1ea1ch, v\u1eaft b\u1edbt n\u01b0\u1edbc \u0111\u1ec3 t\u00f3c c\u00f2n \u1ea9m.<\/p>\n<\/li>\n<li data-start=\"223\" data-end=\"299\">\n<p data-start=\"225\" data-end=\"299\">L\u1ea5y l\u01b0\u1ee3ng v\u1eeba \u0111\u1ee7 v\u00e0 <strong data-start=\"245\" data-end=\"274\">thoa t\u1eeb th\u00e2n \u0111\u1ebfn ng\u1ecdn t\u00f3c<\/strong>, tr\u00e1nh b\u00f4i l\u00ean da \u0111\u1ea7u.<\/p>\n<\/li>\n<li data-start=\"300\" data-end=\"349\">\n<p data-start=\"302\" data-end=\"349\">Massage nh\u1eb9 1\u20132 ph\u00fat \u0111\u1ec3 d\u01b0\u1ee1ng ch\u1ea5t th\u1ea9m th\u1ea5u.<\/p>\n<\/li>\n<li data-start=\"350\" data-end=\"402\">\n<p data-start=\"352\" data-end=\"402\">C\u00f3 th\u1ec3 <strong data-start=\"359\" data-end=\"379\">\u1ee7 nhanh 3\u20135 ph\u00fat<\/strong> \u0111\u1ec3 t\u00f3c m\u1ec1m m\u01b0\u1ee3t h\u01a1n.<\/p>\n<\/li>\n<li data-start=\"403\" data-end=\"454\">\n<p data-start=\"405\" data-end=\"454\">X\u1ea3 s\u1ea1ch ho\u00e0n to\u00e0n b\u1eb1ng n\u01b0\u1edbc v\u00e0 lau kh\u00f4 nh\u1eb9 nh\u00e0ng.<\/p>\n<\/li>\n<\/ul>\n<p class=\"translation-block\"><b>Information about YUAN:\u00a0 <\/b><\/p>\n<p>YUAN \u2013 Herbal expert from Taiwan. Established in 2005, started the journey with Taiwanese herbal products, combining Oriental health care methods and the philosophy of \u201cLiving is loving the body and being good to the environment\u201d.<\/p>\n<p>From the YUAN Farm in Yangmingshan, where YUAN grows herbs using the \u201cHeaven gives birth to elephants and grasses\u201d method, we utilize natural resources to create the purest and highest quality body care products. YUAN brings a delicate combination of artisanal spirit, labor aesthetics and herbal wisdom, to bring you healthy and radiant skin through natural and effective skin care products.<\/p>\n<p>Yuan\u2019s product portfolio ranges from body care, hair care, skin care, oral care, and aromatherapy, and features handmade soaps. Each bar is handcrafted in 18 steps and cold-pressed for 60 days to preserve the properties of the herbs.<\/p>\n<p>The ingredients in Yuan products are mostly extracted from natural and environmentally friendly ingredients that help restore your skin thanks to the powerful properties of precious herbs. The products do not contain preservatives, artificial colors or fragrances, providing safety and optimal effectiveness for users.<\/p>\n<p>&nbsp;<\/p>","protected":false},"excerpt":{"rendered":"<p><b>Net<\/b> <b>volume<\/b> <b>: 115<\/b><b>: 250ml<br \/>\n<\/b><\/p>\n<p>CH\u0102M S\u00d3C T\u00d3C H\u01af T\u1ed4N<br \/>\nB\u1ea3o v\u1ec7 m\u00e1i t\u00f3c, mang l\u1ea1i c\u1ea3m gi\u00e1c b\u1ed3ng b\u1ec1nh, d\u00e0y d\u1eb7n nh\u01b0ng v\u1eabn m\u1ec1m m\u01b0\u1ee3t, kh\u00f4ng kh\u00f4 x\u01a1 v\u00e0 d\u1ec5 ch\u1ea3i.<\/p>","protected":false},"featured_media":9237,"comment_status":"open","ping_status":"closed","template":"","meta":[],"product_brand":[],"product_cat":[67],"product_tag":[],"class_list":{"0":"post-8937","1":"product","2":"type-product","3":"status-publish","4":"has-post-thumbnail","6":"product_cat-cham-soc-toc","8":"first","9":"instock","10":"sale","11":"shipping-taxable","12":"purchasable","13":"product-type-simple"},"_links":{"self":[{"href":"https:\/\/yuancarevietnam.com\/en\/wp-json\/wp\/v2\/product\/8937","targetHints":{"allow":["GET"]}}],"collection":[{"href":"https:\/\/yuancarevietnam.com\/en\/wp-json\/wp\/v2\/product"}],"about":[{"href":"https:\/\/yuancarevietnam.com\/en\/wp-json\/wp\/v2\/types\/product"}],"replies":[{"embeddable":true,"href":"https:\/\/yuancarevietnam.com\/en\/wp-json\/wp\/v2\/comments?post=8937"}],"version-history":[{"count":0,"href":"https:\/\/yuancarevietnam.com\/en\/wp-json\/wp\/v2\/product\/8937\/revisions"}],"wp:featuredmedia":[{"embeddable":true,"href":"https:\/\/yuancarevietnam.com\/en\/wp-json\/wp\/v2\/media\/9237"}],"wp:attachment":[{"href":"https:\/\/yuancarevietnam.com\/en\/wp-json\/wp\/v2\/media?parent=8937"}],"wp:term":[{"taxonomy":"product_brand","embeddable":true,"href":"https:\/\/yuancarevietnam.com\/en\/wp-json\/wp\/v2\/product_brand?post=8937"},{"taxonomy":"product_cat","embeddable":true,"href":"https:\/\/yuancarevietnam.com\/en\/wp-json\/wp\/v2\/product_cat?post=8937"},{"taxonomy":"product_tag","embeddable":true,"href":"https:\/\/yuancarevietnam.com\/en\/wp-json\/wp\/v2\/product_tag?post=8937"}],"curies":[{"name":"wp","href":"https:\/\/api.w.org\/{rel}","templated":true}]}}