{"id":8914,"date":"2025-10-16T16:17:12","date_gmt":"2025-10-16T09:17:12","guid":{"rendered":"https:\/\/yuancarevietnam.com\/?post_type=product&#038;p=8914"},"modified":"2025-11-25T13:47:28","modified_gmt":"2025-11-25T06:47:28","slug":"kem-duong-tay-ngai-cuu-30g","status":"publish","type":"product","link":"https:\/\/yuancarevietnam.com\/en\/product\/kem-duong-tay-ngai-cuu-30g\/","title":{"rendered":"KEM D\u01af\u1ee0NG TAY NG\u1ea2I C\u1ee8U 30g"},"content":{"rendered":"<p><strong>C\u00f4ng th\u1ee9c tinh d\u1ea7u \u0111\u1ed9c quy\u1ec1n v\u00e0 th\u00e0nh ph\u1ea7n chi\u1ebft xu\u1ea5t t\u1eeb th\u1ef1c v\u1eadt, gi\u00fap nu\u00f4i d\u01b0\u1ee1ng v\u00e0 b\u1ea3o v\u1ec7 \u0111\u00f4i tay. Kem D\u01b0\u1ee1ng Da Tay Th\u1ea3o M\u1ed9c YUAN mang \u0111\u1ebfn m\u1ed9t nghi th\u1ee9c ch\u0103m s\u00f3c \u0111\u1eb3ng c\u1ea5p \u2013 n\u01a1i d\u01b0\u1ee1ng ch\u1ea5t thi\u00ean nhi\u00ean d\u1ecbu d\u00e0ng \u00f4m \u1ea5p, ph\u1ee5c h\u1ed3i v\u00e0 ch\u1eefa l\u00e0nh l\u00e0n da b\u1ea1n.<\/strong><\/p>\n<p><strong>Ingredient:<\/strong><br \/>\nWATER\uff0cBUTYROSPERMUM PARKII (SHEA) BUTTER\uff0cPERSEA GRATISSIMA (AVOCADO) OIL\uff0cCAPRYLIC\/CAPRIC TRIGLYCERIDE\uff0cALOE BARBADENSIS LEAF JUICE\uff0cGLYCERIN\uff0cCETEARYL OLIVATE\uff0cSORBITANOLIVATE\uff0cGLYCERYL STEARATE\uff0cBUTYLENE GLYCOL\uff0cBRASSICA CAMPESTRIS (RAPESEED) STEROLS\uff0cCETEARYL ALCOHOL\uff0cBISABOLOL\uff0cNIACINAMIDE\uff0cPHENOXYETHANOL\uff0cCHLORPHENESIN\uff0cARTEMISIAVULGARIS OIL\uff0cPOGOSTEMON CABLIN OIL\uff0cVETIVERIA ZIZANOIDES ROOT OIL\uff0cLAVANDULA ANGUSTIFOLIA (LAVENDER) OIL\uff0cLONICERA JAPONICA (HONEYSUCKLE) FLOWER EXTRACT\uff0cJUNIPERUSCOMMUNIS FRUIT OIL\uff0cARTEMISIA VULGARIS EXTRACT\uff0cPOTASSIUM SORBATE\uff0cSODIUM BENZOATE<\/p>\n<p><strong>Instructions for use:<\/strong><\/p>\n<p>B\u01b0\u1edbc 1: L\u1ea5y m\u1ed9t l\u01b0\u1ee3ng kem v\u1eeba \u0111\u1ee7.<br \/>\nB\u01b0\u1edbc 2: Thoa \u0111\u1ec1u l\u00ean mu b\u00e0n tay, l\u00f2ng b\u00e0n tay v\u00e0 c\u00e1c ng\u00f3n tay, lan r\u1ed9ng \u0111\u1ebfn c\u1ed5 tay \u0111\u1ec3 d\u01b0\u1ee1ng ch\u1ea5t th\u1ea5m \u0111\u1ec1u.<br \/>\nB\u01b0\u1edbc 3: Nh\u1eb9 nh\u00e0ng m\u00e1t-xa \u0111\u1ea7u ng\u00f3n tay \u0111\u1ec3 gi\u00fap th\u00fac \u0111\u1ea9y tu\u1ea7n ho\u00e0n m\u00e1u v\u00e0 t\u0103ng hi\u1ec7u qu\u1ea3 d\u01b0\u1ee1ng da.<\/p>\n<p><strong>L\u01b0u \u00fd khi s\u1eed d\u1ee5ng:<\/strong><br \/>\nS\u1ea3n ph\u1ea9m ch\u1ee9a th\u00e0nh ph\u1ea7n c\u00f3 ngu\u1ed3n g\u1ed1c t\u1ef1 nhi\u00ean. V\u1edbi ng\u01b0\u1eddi c\u00f3 l\u00e0n da nh\u1ea1y c\u1ea3m, ph\u1ee5 n\u1eef mang thai ho\u1eb7c \u0111ang \u0111i\u1ec1u tr\u1ecb da li\u1ec5u, n\u00ean tham kh\u1ea3o \u00fd ki\u1ebfn b\u00e1c s\u0129 tr\u01b0\u1edbc khi s\u1eed d\u1ee5ng.<\/p>\n<p class=\"translation-block\"><b>Information about YUAN:\u00a0<\/b><\/p>\n<p>YUAN \u2013 Herbal expert from Taiwan. Established in 2005, started the journey with Taiwanese herbal products, combining Oriental health care methods and the philosophy of \u201cLiving is loving the body and being good to the environment\u201d.<\/p>\n<p><img fetchpriority=\"high\" decoding=\"async\" class=\"aligncenter wp-image-8753 size-full\" src=\"https:\/\/yuancarevietnam.com\/wp-content\/uploads\/2025\/09\/500999264_122159749388488930_6747926025983572491_n.jpg\" alt=\"\" width=\"2048\" height=\"2048\" srcset=\"https:\/\/yuancarevietnam.com\/wp-content\/uploads\/2025\/09\/500999264_122159749388488930_6747926025983572491_n.jpg 2048w, https:\/\/yuancarevietnam.com\/wp-content\/uploads\/2025\/09\/500999264_122159749388488930_6747926025983572491_n-300x300.jpg 300w, https:\/\/yuancarevietnam.com\/wp-content\/uploads\/2025\/09\/500999264_122159749388488930_6747926025983572491_n-1024x1024.jpg 1024w, https:\/\/yuancarevietnam.com\/wp-content\/uploads\/2025\/09\/500999264_122159749388488930_6747926025983572491_n-150x150.jpg 150w, https:\/\/yuancarevietnam.com\/wp-content\/uploads\/2025\/09\/500999264_122159749388488930_6747926025983572491_n-768x768.jpg 768w, https:\/\/yuancarevietnam.com\/wp-content\/uploads\/2025\/09\/500999264_122159749388488930_6747926025983572491_n-1536x1536.jpg 1536w, https:\/\/yuancarevietnam.com\/wp-content\/uploads\/2025\/09\/500999264_122159749388488930_6747926025983572491_n-12x12.jpg 12w, https:\/\/yuancarevietnam.com\/wp-content\/uploads\/2025\/09\/500999264_122159749388488930_6747926025983572491_n-600x600.jpg 600w\" sizes=\"(max-width: 2048px) 100vw, 2048px\" \/><\/p>\n<p><img decoding=\"async\" class=\"alignnone wp-image-8752 size-full\" src=\"https:\/\/yuancarevietnam.com\/wp-content\/uploads\/2025\/09\/500766068_122160751034488930_1613282089576524041_n.jpg\" alt=\"\" width=\"1100\" height=\"1100\" srcset=\"https:\/\/yuancarevietnam.com\/wp-content\/uploads\/2025\/09\/500766068_122160751034488930_1613282089576524041_n.jpg 1100w, https:\/\/yuancarevietnam.com\/wp-content\/uploads\/2025\/09\/500766068_122160751034488930_1613282089576524041_n-300x300.jpg 300w, https:\/\/yuancarevietnam.com\/wp-content\/uploads\/2025\/09\/500766068_122160751034488930_1613282089576524041_n-1024x1024.jpg 1024w, https:\/\/yuancarevietnam.com\/wp-content\/uploads\/2025\/09\/500766068_122160751034488930_1613282089576524041_n-150x150.jpg 150w, https:\/\/yuancarevietnam.com\/wp-content\/uploads\/2025\/09\/500766068_122160751034488930_1613282089576524041_n-768x768.jpg 768w, https:\/\/yuancarevietnam.com\/wp-content\/uploads\/2025\/09\/500766068_122160751034488930_1613282089576524041_n-12x12.jpg 12w, https:\/\/yuancarevietnam.com\/wp-content\/uploads\/2025\/09\/500766068_122160751034488930_1613282089576524041_n-600x600.jpg 600w\" sizes=\"(max-width: 1100px) 100vw, 1100px\" \/><\/p>\n<p><img decoding=\"async\" class=\"alignnone wp-image-8751 size-full\" src=\"https:\/\/yuancarevietnam.com\/wp-content\/uploads\/2025\/09\/500765631_122159749406488930_5084348235361324329_n.jpg\" alt=\"\" width=\"2048\" height=\"2048\" srcset=\"https:\/\/yuancarevietnam.com\/wp-content\/uploads\/2025\/09\/500765631_122159749406488930_5084348235361324329_n.jpg 2048w, https:\/\/yuancarevietnam.com\/wp-content\/uploads\/2025\/09\/500765631_122159749406488930_5084348235361324329_n-300x300.jpg 300w, https:\/\/yuancarevietnam.com\/wp-content\/uploads\/2025\/09\/500765631_122159749406488930_5084348235361324329_n-1024x1024.jpg 1024w, https:\/\/yuancarevietnam.com\/wp-content\/uploads\/2025\/09\/500765631_122159749406488930_5084348235361324329_n-150x150.jpg 150w, https:\/\/yuancarevietnam.com\/wp-content\/uploads\/2025\/09\/500765631_122159749406488930_5084348235361324329_n-768x768.jpg 768w, https:\/\/yuancarevietnam.com\/wp-content\/uploads\/2025\/09\/500765631_122159749406488930_5084348235361324329_n-1536x1536.jpg 1536w, https:\/\/yuancarevietnam.com\/wp-content\/uploads\/2025\/09\/500765631_122159749406488930_5084348235361324329_n-12x12.jpg 12w, https:\/\/yuancarevietnam.com\/wp-content\/uploads\/2025\/09\/500765631_122159749406488930_5084348235361324329_n-600x600.jpg 600w\" sizes=\"(max-width: 2048px) 100vw, 2048px\" \/><\/p>\n<p>The ingredients in Yuan products are mostly extracted from natural and environmentally friendly ingredients that help restore your skin thanks to the powerful properties of precious herbs. The products do not contain preservatives, artificial colors or fragrances, providing safety and optimal effectiveness for users.<\/p>","protected":false},"excerpt":{"rendered":"<p><b>Net<\/b> <b>volume<\/b> <b>: 115<\/b><b>: 30g | 75g<br \/>\n<\/b><strong>\u0110i\u1ec3m n\u1ed5i b\u1eadt:<\/strong><br \/>\nD\u00e0nh ri\u00eang cho \u0111\u00f4i tay kh\u00f4 r\u00e1p, th\u01b0\u1eddng xuy\u00ean lao \u0111\u1ed9ng v\u00e0 ti\u1ebfp x\u00fac v\u1edbi h\u00f3a ch\u1ea5t t\u1ea9y r\u1eeda. L\u00e0m m\u1ec1m m\u1ea1i l\u00e0n da th\u00f4 r\u00e1p &amp; L\u00e0m d\u1ecbu c\u1ea3m gi\u00e1c kh\u00f4 r\u00e1t, kh\u00f3 ch\u1ecbu.<br \/>\nKH\u00d4NG ch\u1ee9a c\u00e1c th\u00e0nh ph\u1ea7n \u0111\u1ed9c h\u1ea1i: C\u1ed3n, Ch\u1ea5t t\u1ea1o m\u00e0u nh\u00e2n t\u1ea1o, H\u01b0\u01a1ng li\u1ec7u, Nguy\u00ean li\u1ec7u h\u00f3a d\u1ea7u<\/p>","protected":false},"featured_media":8896,"comment_status":"open","ping_status":"closed","template":"","meta":[],"product_brand":[],"product_cat":[50],"product_tag":[],"class_list":{"0":"post-8914","1":"product","2":"type-product","3":"status-publish","4":"has-post-thumbnail","6":"product_cat-cham-soc-co-the","8":"first","9":"outofstock","10":"shipping-taxable","11":"purchasable","12":"product-type-simple"},"_links":{"self":[{"href":"https:\/\/yuancarevietnam.com\/en\/wp-json\/wp\/v2\/product\/8914","targetHints":{"allow":["GET"]}}],"collection":[{"href":"https:\/\/yuancarevietnam.com\/en\/wp-json\/wp\/v2\/product"}],"about":[{"href":"https:\/\/yuancarevietnam.com\/en\/wp-json\/wp\/v2\/types\/product"}],"replies":[{"embeddable":true,"href":"https:\/\/yuancarevietnam.com\/en\/wp-json\/wp\/v2\/comments?post=8914"}],"version-history":[{"count":1,"href":"https:\/\/yuancarevietnam.com\/en\/wp-json\/wp\/v2\/product\/8914\/revisions"}],"predecessor-version":[{"id":8915,"href":"https:\/\/yuancarevietnam.com\/en\/wp-json\/wp\/v2\/product\/8914\/revisions\/8915"}],"wp:featuredmedia":[{"embeddable":true,"href":"https:\/\/yuancarevietnam.com\/en\/wp-json\/wp\/v2\/media\/8896"}],"wp:attachment":[{"href":"https:\/\/yuancarevietnam.com\/en\/wp-json\/wp\/v2\/media?parent=8914"}],"wp:term":[{"taxonomy":"product_brand","embeddable":true,"href":"https:\/\/yuancarevietnam.com\/en\/wp-json\/wp\/v2\/product_brand?post=8914"},{"taxonomy":"product_cat","embeddable":true,"href":"https:\/\/yuancarevietnam.com\/en\/wp-json\/wp\/v2\/product_cat?post=8914"},{"taxonomy":"product_tag","embeddable":true,"href":"https:\/\/yuancarevietnam.com\/en\/wp-json\/wp\/v2\/product_tag?post=8914"}],"curies":[{"name":"wp","href":"https:\/\/api.w.org\/{rel}","templated":true}]}}