{"id":8887,"date":"2025-10-08T17:28:16","date_gmt":"2025-10-08T10:28:16","guid":{"rendered":"https:\/\/yuancarevietnam.com\/?post_type=product&#038;p=8887"},"modified":"2025-11-05T10:01:55","modified_gmt":"2025-11-05T03:01:55","slug":"xa-phong-hung-chanh-2","status":"publish","type":"product","link":"https:\/\/yuancarevietnam.com\/en\/product\/xa-phong-hung-chanh-2\/","title":{"rendered":"X\u00c0 PH\u00d2NG H\u00daNG CHANH"},"content":{"rendered":"<div data-elementor-type=\"product-post\" data-elementor-id=\"8887\" class=\"elementor elementor-8887\" data-elementor-post-type=\"product\">\n\t\t\t\t\t\t<section class=\"elementor-section elementor-top-section elementor-element elementor-element-6902d617 elementor-section-boxed elementor-section-height-default elementor-section-height-default\" data-id=\"6902d617\" data-element_type=\"section\" data-e-type=\"section\">\n\t\t\t\t\t\t<div class=\"elementor-container elementor-column-gap-default\">\n\t\t\t\t\t<div class=\"elementor-column elementor-col-100 elementor-top-column elementor-element elementor-element-266b8fc6\" data-id=\"266b8fc6\" data-element_type=\"column\" data-e-type=\"column\">\n\t\t\t<div class=\"elementor-widget-wrap elementor-element-populated\">\n\t\t\t\t\t\t<div class=\"elementor-element elementor-element-062d24b elementor-widget elementor-widget-image\" data-id=\"062d24b\" data-element_type=\"widget\" data-e-type=\"widget\" data-widget_type=\"image.default\">\n\t\t\t\t<div class=\"elementor-widget-container\">\n\t\t\t\t\t\t\t\t\t\t\t\t\t\t\t<span class=\"g5core__lazy-image\" style=\"--g5-lazy-image-width: 1127px;--g5-lazy-image-height: 227.15173025732%\"><img fetchpriority=\"high\" decoding=\"async\" width=\"1127\" height=\"2560\" src=\"https:\/\/yuancarevietnam.com\/wp-content\/plugins\/g5-core\/assets\/images\/placeholder-transparent.png\" class=\"attachment-full size-full wp-image-6234 g5core__ll-image\" alt=\"\" data-src=\"https:\/\/yuancarevietnam.com\/wp-content\/uploads\/2024\/09\/soap-ingredient-01-scaled.jpg\" data-srcset=\"https:\/\/yuancarevietnam.com\/wp-content\/uploads\/2024\/09\/soap-ingredient-01-scaled.jpg 1127w, https:\/\/yuancarevietnam.com\/wp-content\/uploads\/2024\/09\/soap-ingredient-01-132x300.jpg 132w, https:\/\/yuancarevietnam.com\/wp-content\/uploads\/2024\/09\/soap-ingredient-01-451x1024.jpg 451w, https:\/\/yuancarevietnam.com\/wp-content\/uploads\/2024\/09\/soap-ingredient-01-768x1745.jpg 768w, https:\/\/yuancarevietnam.com\/wp-content\/uploads\/2024\/09\/soap-ingredient-01-676x1536.jpg 676w, https:\/\/yuancarevietnam.com\/wp-content\/uploads\/2024\/09\/soap-ingredient-01-901x2048.jpg 901w, https:\/\/yuancarevietnam.com\/wp-content\/uploads\/2024\/09\/soap-ingredient-01-5x12.jpg 5w, https:\/\/yuancarevietnam.com\/wp-content\/uploads\/2024\/09\/soap-ingredient-01-600x1363.jpg 600w\" data-sizes=\"(max-width: 1127px) 100vw, 1127px\" \/><\/span>\t\t\t\t\t\t\t\t\t\t\t\t\t\t\t<\/div>\n\t\t\t\t<\/div>\n\t\t\t\t<div class=\"elementor-element elementor-element-61aee19e elementor-widget elementor-widget-text-editor\" data-id=\"61aee19e\" data-element_type=\"widget\" data-e-type=\"widget\" data-widget_type=\"text-editor.default\">\n\t\t\t\t<div class=\"elementor-widget-container\">\n\t\t\t\t\t\t\t\t\t<p><b>Wall <\/b><b>part<\/b><b>:<\/b><\/p><p>Olea europaea fruit oil, water, artemisia vulgaris extract, cocos nucifera oil, sodium hydroxide, beeswax, camellia sinensis leaf extract, verbena officinalis extract, butyrospermum parkii butter, cymbopogon nardus oil, pogostemon cablin oil, juniperus oxycedrus wood oil<\/p><p><b>About<\/b> <b>product<\/b> <b>product<\/b> <b>bar<\/b> <b>room<\/b> <b>goalkeeper<\/b> <b>labour<\/b> <b>belong to<\/b><b> Yuan:<\/b><\/p><p>Yuan\u2019s handmade soaps are cold-processed with 18 production steps and aged for 60 days. They utilize spring water directly from Yangmingshan, along with herbal formulations and YUAN\u2019s exclusive essential oil blends. They are free from synthetic surfactants, chemical fragrances, foaming agents, and hardening agents. Maintaining inherent cleansing properties, they nourish the skin gently, are less likely to cause irritation, and harness natural herbal energy from the \u201cYuan Farm,\u201d promoting holistic healing from body to soul.<\/p><p><b>Direction<\/b> <b>guide<\/b> <b>history<\/b> <b>&amp; skin type<\/b><b>:<\/b><\/p><p>Wet the soap, apply the soap directly to the skin or use it with a bath sponge\/mesh bag to create a smooth foam, massage gently. Then rinse with water. Store the soap in a mesh bag or a tray with drainage slots to keep the soap clean and use it longer!<\/p><p class=\"translation-block\"><b>Information about YUAN:\u00a0<\/b><\/p><p>YUAN \u2013 Herbal expert from Taiwan. Established in 2005, started the journey with Taiwanese herbal products, combining Oriental health care methods and the philosophy of \u201cLiving is loving the body and being good to the environment\u201d.<\/p><p>From the YUAN Farm in Yangmingshan, where YUAN grows herbs using the \u201cHeaven gives birth to elephants and grasses\u201d method, we utilize natural resources to create the purest and highest quality body care products. YUAN brings a delicate combination of artisanal spirit, labor aesthetics and herbal wisdom, to bring you healthy and radiant skin through natural and effective skin care products.<\/p><p>Yuan\u2019s product portfolio ranges from body care, hair care, skin care, oral care, and aromatherapy, and features handmade soaps. Each bar is handcrafted in 18 steps and cold-pressed for 60 days to preserve the properties of the herbs.<\/p><p>The ingredients in Yuan products are mostly extracted from natural and environmentally friendly ingredients that help restore your skin thanks to the powerful properties of precious herbs. The products do not contain preservatives, artificial colors or fragrances, providing safety and optimal effectiveness for users.<\/p>\t\t\t\t\t\t\t\t<\/div>\n\t\t\t\t<\/div>\n\t\t\t\t\t<\/div>\n\t\t<\/div>\n\t\t\t\t\t<\/div>\n\t\t<\/section>\n\t\t\t\t<section class=\"elementor-section elementor-top-section elementor-element elementor-element-7c7f9be elementor-section-boxed elementor-section-height-default elementor-section-height-default\" data-id=\"7c7f9be\" data-element_type=\"section\" data-e-type=\"section\">\n\t\t\t\t\t\t<div class=\"elementor-container elementor-column-gap-default\">\n\t\t\t\t\t<div class=\"elementor-column elementor-col-100 elementor-top-column elementor-element elementor-element-489b476\" data-id=\"489b476\" data-element_type=\"column\" data-e-type=\"column\">\n\t\t\t<div class=\"elementor-widget-wrap\">\n\t\t\t\t\t\t\t<\/div>\n\t\t<\/div>\n\t\t\t\t\t<\/div>\n\t\t<\/section>\n\t\t\t\t<\/div>","protected":false},"excerpt":{"rendered":"<p><b>Net<\/b> <b>volume<\/b> <b>: 115<\/b><b>g<br \/>\n<\/b><span style=\"font-weight: 400;\">H\u00fang chanh (Mexican mint), c\u00f3 ngu\u1ed3n g\u1ed1c t\u1eeb v\u00f9ng Nam \u00c1 nh\u01b0 \u1ea4n \u0110\u1ed9, Srilanka. \u1ede khu v\u1ef1c \u0110\u00f4ng Nam \u00c1, t\u1eeb s\u1edbm \u0111\u00e3 \u0111\u01b0\u1ee3c bi\u1ebft \u0111\u1ebfn nh\u01b0 b\u00e0i thu\u1ed1c chuy\u00ean tr\u1ecb v\u1ebft c\u1eafn t\u1eeb c\u00f4n tr\u00f9ng v\u00e0 r\u1eafn. Nh\u1edd hi\u1ec7u qu\u1ea3 kh\u00e1ng vi\u00eam v\u01b0\u1ee3t tr\u1ed9i, h\u00fang chanh tr\u1edf th\u00e0nh m\u1ed9t trong nh\u1eefng th\u1ea3o d\u01b0\u1ee3c \u0111\u01b0\u1ee3c s\u1eed d\u1ee5ng nhi\u1ec1u nh\u1ea5t.<\/span><\/p>\n<p><b>Funtions<\/b>\u00a0<b>&amp; skin type<\/b><b>:<\/b><\/p>\n<div id=\"input_line_0\"><span id=\"input_part_0\" class=\"\" data-mention=\"L\u00e0m s\u1ea1ch s\u00e2u v\u00e0 thanh l\u1ecdc m\u00f9i c\u01a1 th\u1ec3.\">Deep cleans and purifies body odor.<\/span><\/div>\n<div id=\"input_line_1\"><span id=\"input_part_0\" class=\"\" data-mention=\"D\u00e0nh cho da h\u1ed7n h\u1ee3p thi\u00ean d\u1ea7u, da h\u1ed7n h\u1ee3p.\">For combination skin, oily skin.<\/span><\/div>\n<div id=\"input_line_2\"><span id=\"input_part_0\" class=\"\" data-mention=\"Ng\u01b0\u1eddi n\u1eb7ng m\u00f9i c\u01a1 th\u1ec3, l\u00e0m tho\u00e1ng l\u1ed7 ch\u00e2n l\u00f4ng, t\u1ea1o c\u1ea3m gi\u00e1c tho\u1ea3i m\u00e1i t\u01b0\u01a1i m\u00e1t sau khi s\u1eed d\u1ee5ng\">\u0110\u00e1nh bay m\u00f9i h\u00f4i c\u01a1 th\u1ec3, l\u00e0m tho\u00e1ng l\u1ed7 ch\u00e2n l\u00f4ng, t\u1ea1o c\u1ea3m gi\u00e1c tho\u1ea3i m\u00e1i t\u01b0\u01a1i m\u00e1t sau khi s\u1eed d\u1ee5ng<\/span><\/div>","protected":false},"featured_media":8888,"comment_status":"open","ping_status":"closed","template":"","meta":[],"product_brand":[],"product_cat":[54],"product_tag":[],"class_list":{"0":"post-8887","1":"product","2":"type-product","3":"status-publish","4":"has-post-thumbnail","6":"product_cat-xa-phong-thu-cong","8":"first","9":"outofstock","10":"featured","11":"shipping-taxable","12":"purchasable","13":"product-type-simple"},"_links":{"self":[{"href":"https:\/\/yuancarevietnam.com\/en\/wp-json\/wp\/v2\/product\/8887","targetHints":{"allow":["GET"]}}],"collection":[{"href":"https:\/\/yuancarevietnam.com\/en\/wp-json\/wp\/v2\/product"}],"about":[{"href":"https:\/\/yuancarevietnam.com\/en\/wp-json\/wp\/v2\/types\/product"}],"replies":[{"embeddable":true,"href":"https:\/\/yuancarevietnam.com\/en\/wp-json\/wp\/v2\/comments?post=8887"}],"version-history":[{"count":0,"href":"https:\/\/yuancarevietnam.com\/en\/wp-json\/wp\/v2\/product\/8887\/revisions"}],"wp:featuredmedia":[{"embeddable":true,"href":"https:\/\/yuancarevietnam.com\/en\/wp-json\/wp\/v2\/media\/8888"}],"wp:attachment":[{"href":"https:\/\/yuancarevietnam.com\/en\/wp-json\/wp\/v2\/media?parent=8887"}],"wp:term":[{"taxonomy":"product_brand","embeddable":true,"href":"https:\/\/yuancarevietnam.com\/en\/wp-json\/wp\/v2\/product_brand?post=8887"},{"taxonomy":"product_cat","embeddable":true,"href":"https:\/\/yuancarevietnam.com\/en\/wp-json\/wp\/v2\/product_cat?post=8887"},{"taxonomy":"product_tag","embeddable":true,"href":"https:\/\/yuancarevietnam.com\/en\/wp-json\/wp\/v2\/product_tag?post=8887"}],"curies":[{"name":"wp","href":"https:\/\/api.w.org\/{rel}","templated":true}]}}