{"id":8866,"date":"2025-09-12T12:16:19","date_gmt":"2025-09-12T05:16:19","guid":{"rendered":"https:\/\/yuancarevietnam.com\/?post_type=product&#038;p=8866"},"modified":"2026-04-10T19:59:41","modified_gmt":"2026-04-10T12:59:41","slug":"dau-duong-the-hanh-nhan-khong-bao-bi-ngoai","status":"publish","type":"product","link":"https:\/\/yuancarevietnam.com\/en\/product\/dau-duong-the-hanh-nhan-khong-bao-bi-ngoai\/","title":{"rendered":"D\u1ea6U D\u01af\u1ee0NG TH\u1ec2 H\u1ea0NH NH\u00c2N 100ML (KH\u00d4NG BAO B\u00cc NGO\u00c0I)"},"content":{"rendered":"<p><b>Funtions<\/b> <b>&amp; skin type<\/b><b>:\u00a0 <\/b><\/p>\n<p>Harness the power of natural plant oils to deeply hydrate, prevent aging and leave skin feeling smooth. For a relaxing and effective beauty experience.<\/p>\n<p><b>Direction<\/b> <b>guide<\/b> <b>history<\/b> <b>&amp; skin type<\/b><b>:<\/b><\/p>\n<p>After bathing, take an appropriate amount of massage oil into the palm of your hand. Rub your hands together to create the necessary warmth before applying evenly to the body that needs to be massaged. Increase moisture to key skin areas.<\/p>\n<p class=\"translation-block\"><b>Information about YUAN:\u00a0 <\/b><\/p>\n<p>YUAN \u2013 Herbal expert from Taiwan. Established in 2005, started the journey with Taiwanese herbal products, combining Oriental health care methods and the philosophy of \u201cLiving is loving the body and being good to the environment\u201d.<\/p>\n<p>From the YUAN Farm in Yangmingshan, where YUAN grows herbs using the \u201cHeaven gives birth to elephants and grasses\u201d method, we utilize natural resources to create the purest and highest quality body care products. YUAN brings a delicate combination of artisanal spirit, labor aesthetics and herbal wisdom, to bring you healthy and radiant skin through natural and effective skin care products.<\/p>\n<p>Yuan\u2019s product portfolio ranges from body care, hair care, skin care, oral care, and aromatherapy, and features handmade soaps. Each bar is handcrafted in 18 steps and cold-pressed for 60 days to preserve the properties of the herbs.<\/p>\n<p>The ingredients in Yuan products are mostly extracted from natural and environmentally friendly ingredients that help restore your skin thanks to the powerful properties of precious herbs. The products do not contain preservatives, artificial colors or fragrances, providing safety and optimal effectiveness for users.<\/p>","protected":false},"excerpt":{"rendered":"<p><span style=\"color: #ff0000;\">L\u01b0u \u00fd:<\/span> \u0110\u00e2y l\u00e0 s\u1ea3n ph\u1ea9m kh\u00f4ng c\u00f2n bao b\u00ec ngo\u00e0i do g\u1eb7p s\u1ef1 c\u1ed1 trong qu\u00e1 tr\u00ecnh v\u1eadn chuy\u1ec3n. Tuy nhi\u00ean, s\u1ea3n ph\u1ea9m b\u00ean trong c\u00f2n nguy\u00ean seal, ch\u1ea5t l\u01b0\u1ee3ng kh\u00f4ng h\u1ec1 b\u1ecb \u1ea3nh h\u01b0\u1edfng.<br \/>\nV\u00ec th\u1ebf, b\u1ea1n ho\u00e0n to\u00e0n y\u00ean t\u00e2m s\u1eed d\u1ee5ng v\u00e0 c\u00f3 c\u01a1 h\u1ed9i s\u1edf h\u1eefu s\u1ea3n ph\u1ea9m ch\u00ednh h\u00e3ng Yuan v\u1edbi m\u1ee9c gi\u00e1 \u01b0u \u0111\u00e3i \u0111\u1eb7c bi\u1ec7t.<\/p>\n<p>DATE\u00a0\u00a009\/08\/2026<\/p>\n<p>Th\u1ec3 t\u00edch th\u1ef1c: 100ml<\/p>\n<p><span style=\"color: var(--g5-color-text-main); font-size: var(--g5-body-font-size); font-style: var(--g5-body-font-style); font-weight: var(--g5-body-font-weight); letter-spacing: var(--g5-body-letter-spacing); text-transform: var(--g5-body-text-transform);\">YUAN Almond Body Oil is fragrance-free and 100% pure. It harnesses the power of natural plant oils to deeply moisturize, prevent aging and leave skin feeling smooth. For a relaxing and effective beauty experience.<\/span><\/p>","protected":false},"featured_media":9292,"comment_status":"open","ping_status":"closed","template":"","meta":[],"product_brand":[],"product_cat":[50],"product_tag":[],"class_list":{"0":"post-8866","1":"product","2":"type-product","3":"status-publish","4":"has-post-thumbnail","6":"product_cat-cham-soc-co-the","8":"first","9":"outofstock","10":"sale","11":"shipping-taxable","12":"purchasable","13":"product-type-simple"},"_links":{"self":[{"href":"https:\/\/yuancarevietnam.com\/en\/wp-json\/wp\/v2\/product\/8866","targetHints":{"allow":["GET"]}}],"collection":[{"href":"https:\/\/yuancarevietnam.com\/en\/wp-json\/wp\/v2\/product"}],"about":[{"href":"https:\/\/yuancarevietnam.com\/en\/wp-json\/wp\/v2\/types\/product"}],"replies":[{"embeddable":true,"href":"https:\/\/yuancarevietnam.com\/en\/wp-json\/wp\/v2\/comments?post=8866"}],"version-history":[{"count":2,"href":"https:\/\/yuancarevietnam.com\/en\/wp-json\/wp\/v2\/product\/8866\/revisions"}],"predecessor-version":[{"id":9293,"href":"https:\/\/yuancarevietnam.com\/en\/wp-json\/wp\/v2\/product\/8866\/revisions\/9293"}],"wp:featuredmedia":[{"embeddable":true,"href":"https:\/\/yuancarevietnam.com\/en\/wp-json\/wp\/v2\/media\/9292"}],"wp:attachment":[{"href":"https:\/\/yuancarevietnam.com\/en\/wp-json\/wp\/v2\/media?parent=8866"}],"wp:term":[{"taxonomy":"product_brand","embeddable":true,"href":"https:\/\/yuancarevietnam.com\/en\/wp-json\/wp\/v2\/product_brand?post=8866"},{"taxonomy":"product_cat","embeddable":true,"href":"https:\/\/yuancarevietnam.com\/en\/wp-json\/wp\/v2\/product_cat?post=8866"},{"taxonomy":"product_tag","embeddable":true,"href":"https:\/\/yuancarevietnam.com\/en\/wp-json\/wp\/v2\/product_tag?post=8866"}],"curies":[{"name":"wp","href":"https:\/\/api.w.org\/{rel}","templated":true}]}}