{"id":8812,"date":"2025-09-11T16:29:13","date_gmt":"2025-09-11T09:29:13","guid":{"rendered":"https:\/\/yuancarevietnam.com\/?post_type=product&#038;p=8812"},"modified":"2025-11-25T13:46:39","modified_gmt":"2025-11-25T06:46:39","slug":"tinh-dau-that-khoe-manh-khong-bao-bi-ngoai","status":"publish","type":"product","link":"https:\/\/yuancarevietnam.com\/en\/product\/tinh-dau-that-khoe-manh-khong-bao-bi-ngoai\/","title":{"rendered":"TINH D\u1ea6U TH\u1eacT KH\u1eceE M\u1ea0NH (KH\u00d4NG BAO B\u00cc NGO\u00c0I)"},"content":{"rendered":"<div data-elementor-type=\"product-post\" data-elementor-id=\"8812\" class=\"elementor elementor-8812\" data-elementor-post-type=\"product\">\n\t\t\t\t\t\t<section class=\"elementor-section elementor-top-section elementor-element elementor-element-fceb5d1 elementor-section-boxed elementor-section-height-default elementor-section-height-default\" data-id=\"fceb5d1\" data-element_type=\"section\" data-e-type=\"section\">\n\t\t\t\t\t\t<div class=\"elementor-container elementor-column-gap-default\">\n\t\t\t\t\t<div class=\"elementor-column elementor-col-100 elementor-top-column elementor-element elementor-element-6dcfe0d1\" data-id=\"6dcfe0d1\" data-element_type=\"column\" data-e-type=\"column\">\n\t\t\t<div class=\"elementor-widget-wrap elementor-element-populated\">\n\t\t\t\t\t\t<div class=\"elementor-element elementor-element-4e47e78b elementor-widget elementor-widget-text-editor\" data-id=\"4e47e78b\" data-element_type=\"widget\" data-e-type=\"widget\" data-widget_type=\"text-editor.default\">\n\t\t\t\t<div class=\"elementor-widget-container\">\n\t\t\t\t\t\t\t\t\t<p><span style=\"font-weight: bolder;\">D\u00f2ng Tinh d\u1ea7u Thu\u1ea7n h\u1eefu c\u01a1 100% t\u1eeb YUAN. 6 gi\u1ea3i ph\u00e1p t\u1ef1 nhi\u00ean gi\u00fap b\u1ea1n xua tan m\u1ec7t m\u1ecfi, ph\u1ee5c h\u1ed3i n\u0103ng l\u01b0\u1ee3ng v\u00e0 t\u00e1i t\u1ea1o tinh th\u1ea7n.<\/span><\/p><p><img fetchpriority=\"high\" decoding=\"async\" class=\"alignnone wp-image-8817 size-full\" src=\"https:\/\/yuancarevietnam.com\/wp-content\/uploads\/2025\/09\/z7000629616808_a947f2a351ef6b4525f6cb77409f445b-scaled.jpg\" alt=\"\" width=\"2560\" height=\"1707\" srcset=\"https:\/\/yuancarevietnam.com\/wp-content\/uploads\/2025\/09\/z7000629616808_a947f2a351ef6b4525f6cb77409f445b-scaled.jpg 2560w, https:\/\/yuancarevietnam.com\/wp-content\/uploads\/2025\/09\/z7000629616808_a947f2a351ef6b4525f6cb77409f445b-300x200.jpg 300w, https:\/\/yuancarevietnam.com\/wp-content\/uploads\/2025\/09\/z7000629616808_a947f2a351ef6b4525f6cb77409f445b-1024x683.jpg 1024w, https:\/\/yuancarevietnam.com\/wp-content\/uploads\/2025\/09\/z7000629616808_a947f2a351ef6b4525f6cb77409f445b-768x512.jpg 768w, https:\/\/yuancarevietnam.com\/wp-content\/uploads\/2025\/09\/z7000629616808_a947f2a351ef6b4525f6cb77409f445b-1536x1024.jpg 1536w, https:\/\/yuancarevietnam.com\/wp-content\/uploads\/2025\/09\/z7000629616808_a947f2a351ef6b4525f6cb77409f445b-2048x1365.jpg 2048w, https:\/\/yuancarevietnam.com\/wp-content\/uploads\/2025\/09\/z7000629616808_a947f2a351ef6b4525f6cb77409f445b-18x12.jpg 18w, https:\/\/yuancarevietnam.com\/wp-content\/uploads\/2025\/09\/z7000629616808_a947f2a351ef6b4525f6cb77409f445b-600x400.jpg 600w\" sizes=\"(max-width: 2560px) 100vw, 2560px\" \/><\/p><p><span style=\"font-weight: bold;\">Wall\u00a0<\/span><span style=\"font-weight: bold;\">part<\/span><span style=\"font-weight: bold;\">:<\/span><\/p><p>CITRUS LIMON (LEMON) PEEL OIL\uff0cMELALEUCA ALTERNIFOLIA (TEA TREE) LEAF OIL\uff0cEUCALYPTUS RADIATA LEAF<\/p><p><strong>H\u01b0\u01a1ng:<\/strong> <br \/><strong>Ch\u1ee7 \u0111\u1ea1o:<\/strong> Tinh d\u1ea7u Chanh v\u1edbi h\u01b0\u01a1ng th\u01a1m chua ng\u1ecdt, t\u01b0\u01a1i m\u00e1t v\u00e0 s\u1ea3ng kho\u00e1i.<br \/><strong>H\u01b0\u01a1ng ph\u1ee5<\/strong>: K\u1ebft h\u1ee3p ho\u00e0n h\u1ea3o c\u00f9ng Tr\u00e0m Tr\u00e0 v\u00e0 Khuynh Di\u1ec7p.<\/p><p><span style=\"font-weight: bold;\">Direction<\/span>\u00a0<span style=\"font-weight: bold;\">guide<\/span>\u00a0<span style=\"font-weight: bold;\">history<\/span>\u00a0<span style=\"font-weight: bold;\">&amp; skin type<\/span><span style=\"font-weight: bold;\">:<\/span><\/p><p>Add a few drops of essential oil to an essential oil diffuser or wood burner to create a relaxing atmosphere.<\/p><p><span style=\"font-weight: bold;\">Information\u00a0<\/span><span style=\"font-weight: bold;\">about<\/span><span style=\"font-weight: bold;\">\u00a0Yuan<\/span><\/p><p>YUAN \u2013 Herbal expert from Taiwan. Established in 2005, started the journey with Taiwanese herbal products, combining Oriental health care methods and the philosophy of \u201cLiving is loving the body and being good to the environment\u201d.<\/p><p><img decoding=\"async\" src=\"https:\/\/yuancarevietnam.com\/wp-content\/uploads\/2025\/09\/500999264_122159749388488930_6747926025983572491_n.jpg\" alt=\"\" width=\"2048\" height=\"2048\" \/><img decoding=\"async\" class=\"alignnone wp-image-8751 size-full\" src=\"https:\/\/yuancarevietnam.com\/wp-content\/uploads\/2025\/09\/500765631_122159749406488930_5084348235361324329_n.jpg\" alt=\"\" width=\"2048\" height=\"2048\" srcset=\"https:\/\/yuancarevietnam.com\/wp-content\/uploads\/2025\/09\/500765631_122159749406488930_5084348235361324329_n.jpg 2048w, https:\/\/yuancarevietnam.com\/wp-content\/uploads\/2025\/09\/500765631_122159749406488930_5084348235361324329_n-300x300.jpg 300w, https:\/\/yuancarevietnam.com\/wp-content\/uploads\/2025\/09\/500765631_122159749406488930_5084348235361324329_n-1024x1024.jpg 1024w, https:\/\/yuancarevietnam.com\/wp-content\/uploads\/2025\/09\/500765631_122159749406488930_5084348235361324329_n-150x150.jpg 150w, https:\/\/yuancarevietnam.com\/wp-content\/uploads\/2025\/09\/500765631_122159749406488930_5084348235361324329_n-768x768.jpg 768w, https:\/\/yuancarevietnam.com\/wp-content\/uploads\/2025\/09\/500765631_122159749406488930_5084348235361324329_n-1536x1536.jpg 1536w, https:\/\/yuancarevietnam.com\/wp-content\/uploads\/2025\/09\/500765631_122159749406488930_5084348235361324329_n-12x12.jpg 12w, https:\/\/yuancarevietnam.com\/wp-content\/uploads\/2025\/09\/500765631_122159749406488930_5084348235361324329_n-600x600.jpg 600w\" sizes=\"(max-width: 2048px) 100vw, 2048px\" \/><\/p><p><img loading=\"lazy\" decoding=\"async\" class=\"alignnone wp-image-8752 size-full\" src=\"https:\/\/yuancarevietnam.com\/wp-content\/uploads\/2025\/09\/500766068_122160751034488930_1613282089576524041_n.jpg\" alt=\"\" width=\"1100\" height=\"1100\" srcset=\"https:\/\/yuancarevietnam.com\/wp-content\/uploads\/2025\/09\/500766068_122160751034488930_1613282089576524041_n.jpg 1100w, https:\/\/yuancarevietnam.com\/wp-content\/uploads\/2025\/09\/500766068_122160751034488930_1613282089576524041_n-300x300.jpg 300w, https:\/\/yuancarevietnam.com\/wp-content\/uploads\/2025\/09\/500766068_122160751034488930_1613282089576524041_n-1024x1024.jpg 1024w, https:\/\/yuancarevietnam.com\/wp-content\/uploads\/2025\/09\/500766068_122160751034488930_1613282089576524041_n-150x150.jpg 150w, https:\/\/yuancarevietnam.com\/wp-content\/uploads\/2025\/09\/500766068_122160751034488930_1613282089576524041_n-768x768.jpg 768w, https:\/\/yuancarevietnam.com\/wp-content\/uploads\/2025\/09\/500766068_122160751034488930_1613282089576524041_n-12x12.jpg 12w, https:\/\/yuancarevietnam.com\/wp-content\/uploads\/2025\/09\/500766068_122160751034488930_1613282089576524041_n-600x600.jpg 600w\" sizes=\"(max-width: 1100px) 100vw, 1100px\" \/><\/p>\t\t\t\t\t\t\t\t<\/div>\n\t\t\t\t<\/div>\n\t\t\t\t\t<\/div>\n\t\t<\/div>\n\t\t\t\t\t<\/div>\n\t\t<\/section>\n\t\t\t\t<\/div>","protected":false},"excerpt":{"rendered":"<p><span style=\"color: #ff0000;\"><strong>L\u01b0u \u00fd:<\/strong><\/span> \u0110\u00e2y l\u00e0 s\u1ea3n ph\u1ea9m kh\u00f4ng c\u00f2n bao b\u00ec ngo\u00e0i do g\u1eb7p s\u1ef1 c\u1ed1 trong qu\u00e1 tr\u00ecnh v\u1eadn chuy\u1ec3n. Tuy nhi\u00ean, s\u1ea3n ph\u1ea9m b\u00ean trong c\u00f2n nguy\u00ean seal, ch\u1ea5t l\u01b0\u1ee3ng kh\u00f4ng h\u1ec1 b\u1ecb \u1ea3nh h\u01b0\u1edfng.<br \/>\nV\u00ec th\u1ebf, b\u1ea1n ho\u00e0n to\u00e0n y\u00ean t\u00e2m s\u1eed d\u1ee5ng v\u00e0 c\u00f3 c\u01a1 h\u1ed9i s\u1edf h\u1eefu s\u1ea3n ph\u1ea9m ch\u00ednh h\u00e3ng Yuan v\u1edbi m\u1ee9c gi\u00e1 \u01b0u \u0111\u00e3i \u0111\u1eb7c bi\u1ec7t.<\/p>\n<p><strong>Tinh d\u1ea7u Th\u1eadt Kh\u1ecfe M\u1ea1nh (Immunity) &#8211; \u0110\u00e1nh th\u1ee9c c\u01a1 th\u1ec3, xua tan m\u1ec7t m\u1ecfi<\/strong><br \/>\nV\u1edbi h\u01b0\u01a1ng th\u01a1m t\u01b0\u01a1i m\u00e1t v\u00e0 s\u1ea3ng kho\u00e1i t\u1eeb Chanh, k\u1ebft h\u1ee3p h\u00e0i h\u00f2a c\u00f9ng Tr\u00e0m Tr\u00e0 v\u00e0 Khuynh Di\u1ec7p, tinh d\u1ea7u \u0111\u1eb7c bi\u1ec7t n\u00e0y kh\u00f4ng ch\u1ec9 gi\u00fap b\u1ea1n th\u01b0 gi\u00e3n m\u00e0 c\u00f2n mang l\u1ea1i c\u1ea3m gi\u00e1c ph\u1ea5n ch\u1ea5n, xua tan m\u1ec7t m\u1ecfi v\u00e0 u \u00e1m. \u0110\u00e2y l\u00e0 m\u1ed9t gi\u1ea3i ph\u00e1p ho\u00e0n h\u1ea3o \u0111\u1ec3 \u0111\u00e1nh th\u1ee9c c\u01a1 th\u1ec3 v\u00e0 tinh th\u1ea7n, mang l\u1ea1i s\u1ef1 kh\u1ecfe kho\u1eafn, tr\u00e0n \u0111\u1ea7y n\u0103ng l\u01b0\u1ee3ng nh\u01b0 \u00e1nh n\u1eafng ban mai.<br \/>\n<strong>Actual volume:<\/strong> 10ml<br \/>\n<strong>\u0110i\u1ec3m n\u1ed5i b\u1eadt:<\/strong><br \/>\nH\u01b0\u01a1ng th\u01a1m trong tr\u1ebbo, s\u1ea3ng kho\u00e1i.<br \/>\nGi\u00fap xua tan m\u1ec7t m\u1ecfi, ph\u1ee5c h\u1ed3i n\u0103ng l\u01b0\u1ee3ng.<br \/>\nH\u1ed7 tr\u1ee3 s\u1ee9c kh\u1ecfe th\u1ec3 ch\u1ea5t, mang l\u1ea1i s\u1ef1 kh\u1ecfe m\u1ea1nh v\u00e0 t\u01b0\u01a1i m\u1edbi.<\/p>","protected":false},"featured_media":8813,"comment_status":"closed","ping_status":"closed","template":"","meta":[],"product_brand":[],"product_cat":[99],"product_tag":[],"class_list":{"0":"post-8812","1":"product","2":"type-product","3":"status-publish","4":"has-post-thumbnail","6":"product_cat-tinh-dau","8":"first","9":"outofstock","10":"sale","11":"shipping-taxable","12":"purchasable","13":"product-type-simple"},"_links":{"self":[{"href":"https:\/\/yuancarevietnam.com\/en\/wp-json\/wp\/v2\/product\/8812","targetHints":{"allow":["GET"]}}],"collection":[{"href":"https:\/\/yuancarevietnam.com\/en\/wp-json\/wp\/v2\/product"}],"about":[{"href":"https:\/\/yuancarevietnam.com\/en\/wp-json\/wp\/v2\/types\/product"}],"replies":[{"embeddable":true,"href":"https:\/\/yuancarevietnam.com\/en\/wp-json\/wp\/v2\/comments?post=8812"}],"version-history":[{"count":0,"href":"https:\/\/yuancarevietnam.com\/en\/wp-json\/wp\/v2\/product\/8812\/revisions"}],"wp:featuredmedia":[{"embeddable":true,"href":"https:\/\/yuancarevietnam.com\/en\/wp-json\/wp\/v2\/media\/8813"}],"wp:attachment":[{"href":"https:\/\/yuancarevietnam.com\/en\/wp-json\/wp\/v2\/media?parent=8812"}],"wp:term":[{"taxonomy":"product_brand","embeddable":true,"href":"https:\/\/yuancarevietnam.com\/en\/wp-json\/wp\/v2\/product_brand?post=8812"},{"taxonomy":"product_cat","embeddable":true,"href":"https:\/\/yuancarevietnam.com\/en\/wp-json\/wp\/v2\/product_cat?post=8812"},{"taxonomy":"product_tag","embeddable":true,"href":"https:\/\/yuancarevietnam.com\/en\/wp-json\/wp\/v2\/product_tag?post=8812"}],"curies":[{"name":"wp","href":"https:\/\/api.w.org\/{rel}","templated":true}]}}