{"id":8811,"date":"2025-09-11T16:28:15","date_gmt":"2025-09-11T09:28:15","guid":{"rendered":"https:\/\/yuancarevietnam.com\/?post_type=product&#038;p=8811"},"modified":"2026-03-06T11:45:13","modified_gmt":"2026-03-06T04:45:13","slug":"dau-duong-da-mat-hoa-hong-khong-bao-bi-ngoai","status":"publish","type":"product","link":"https:\/\/yuancarevietnam.com\/en\/product\/dau-duong-da-mat-hoa-hong-khong-bao-bi-ngoai\/","title":{"rendered":"D\u1ea6U D\u01af\u1ee0NG DA M\u1eb6T HOA H\u1ed2NG 10ML (KH\u00d4NG BAO B\u00cc NGO\u00c0I)"},"content":{"rendered":"<p style=\"text-align: center;\"><span style=\"color: #fc1287;\"><strong>D\u1ea7u d\u01b0\u1ee1ng da m\u1eb7t hoa h\u1ed3ng. S\u1ea3n ph\u1ea9m ch\u0103m s\u00f3c da chuy\u00ean s\u00e2u, \u0111\u01b0\u1ee3c thi\u1ebft k\u1ebf \u0111\u1ec3 c\u1ea3i thi\u1ec7n v\u00e0 b\u1ea3o v\u1ec7 l\u00e0n da m\u1ed9t c\u00e1ch to\u00e0n di\u1ec7n.\u00a0<\/strong><\/span><\/p>\n<p><img fetchpriority=\"high\" decoding=\"async\" class=\"wp-image-8828 size-full aligncenter\" src=\"https:\/\/yuancarevietnam.com\/wp-content\/uploads\/2025\/09\/p1.png\" alt=\"\" width=\"962\" height=\"1024\" srcset=\"https:\/\/yuancarevietnam.com\/wp-content\/uploads\/2025\/09\/p1.png 962w, https:\/\/yuancarevietnam.com\/wp-content\/uploads\/2025\/09\/p1-282x300.png 282w, https:\/\/yuancarevietnam.com\/wp-content\/uploads\/2025\/09\/p1-768x817.png 768w, https:\/\/yuancarevietnam.com\/wp-content\/uploads\/2025\/09\/p1-11x12.png 11w, https:\/\/yuancarevietnam.com\/wp-content\/uploads\/2025\/09\/p1-600x639.png 600w\" sizes=\"(max-width: 962px) 100vw, 962px\" \/><\/p>\n<p><b>Wall <\/b><b>part<\/b><b>: <\/b><\/p>\n<p>COCOS NUCIFERA OIL\uff0cROSA CANINA FRUIT OIL\uff0cSIMMONDSIA CHINENSIS SEED OIL\uff0cPERSEA GRATISSIMA OIL\uff0cOLEA EUROPAEA FRUIT OIL\uff0cTRITICUM VULGARE GERM OIL\uff0cTOCOPHERYL ACETATE\uff0cPELARGONIUM GRAVEOLENS OIL\uff0cROSA DAMASCENA FLOWER OIL\uff0cZINGIBER OFFICINALE ROOT OIL\uff0cSALVIA SCLAREA OIL\uff0cJUNIPERUS MEXICANA OIL<\/p>\n<p><strong>Th\u00e0nh ph\u1ea7n n\u1ed5i b\u1eadt:<\/strong><\/p>\n<p>D\u1ea7u jojoba: Ho\u1ea1t \u0111\u1ed9ng \u1edf l\u1edbp s\u1eebng &amp; b\u1ec1 m\u1eb7t bi\u1ec3u b\u00ec, gi\u00fap c\u00e2n b\u1eb1ng l\u01b0\u1ee3ng d\u1ea7u, h\u00ecnh th\u00e0nh m\u00e0ng b\u1ea3o v\u1ec7 da, ng\u0103n m\u1ea5t n\u01b0\u1edbc.<br \/>\nD\u1ea7u b\u01a1: T\u00e1c \u0111\u1ed9ng \u0111\u1ebfn l\u1edbp s\u1eebng v\u00e0 l\u1edbp h\u1ea1t, b\u1ed5 sung lipid, c\u1ea3i thi\u1ec7n t\u00ecnh tr\u1ea1ng kh\u00f4, gi\u00fap da m\u1ec1m m\u1ea1id\u01b0\u1ee1ng \u1ea9m s\u00e2u, gi\u1ea3m kh\u00f4 r\u00e1p.<br \/>\nD\u1ea7u h\u1ea1t t\u1ea7m xu\u00e2n: Ho\u1ea1t \u0111\u1ed9ng \u1edf bi\u1ec3u b\u00ec &amp; m\u1ed9t ph\u1ea7n trung b\u00ec n\u00f4ng, h\u1ed7 tr\u1ee3 l\u00e0m m\u1edd v\u1ebft th\u00e2m.<br \/>\nTinh d\u1ea7u hoa h\u1ed3ng Damask: T\u00e1c \u0111\u1ed9ng s\u00e2u h\u01a1n \u0111\u1ebfn trung b\u00ec, k\u00edch th\u00edch tu\u1ea7n ho\u00e0n, t\u0103ng sinh collagen.<\/p>\n<p><strong>H\u01b0\u1edbng d\u1eabn s\u1eed d\u1ee5ng v\u00e0 l\u01b0u \u00fd:<\/strong><br \/>\n\u0110\u1ec3 \u0111\u1ea1t \u0111\u01b0\u1ee3c k\u1ebft qu\u1ea3 t\u1ed1t nh\u1ea5t, c\u1ea7n <strong>k\u1ebft h\u1ee3p vi\u1ec7c s\u1eed d\u1ee5ng d\u1ea7u d\u01b0\u1ee1ng v\u1edbi massage da m\u1eb7t.<\/strong><\/p>\n<p>Th\u1eddi gian: C\u1ea7n <strong>ki\u00ean tr\u00ec s\u1eed d\u1ee5ng kho\u1ea3ng 4-6 th\u00e1ng<\/strong> \u0111\u1ec3 th\u1ea5y \u0111\u01b0\u1ee3c hi\u1ec7u qu\u1ea3 r\u00f5 r\u1ec7t.<\/p>\n<p>\u1ee8ng d\u1ee5ng: S\u1ea3n ph\u1ea9m n\u00e0y c\u0169ng c\u00f3 th\u1ec3 \u0111\u01b0\u1ee3c d\u00f9ng \u0111\u1ec3 l\u00e0m d\u1ecbu v\u00e0 ph\u1ee5c h\u1ed3i c\u00e1c v\u1ebft s\u1eb9o b\u1ecfng.<\/p>\n<p class=\"translation-block\"><b>Information about YUAN:\u00a0 <\/b><\/p>\n<p><img decoding=\"async\" class=\"wp-image-8753 size-full aligncenter\" src=\"https:\/\/yuancarevietnam.com\/wp-content\/uploads\/2025\/09\/500999264_122159749388488930_6747926025983572491_n.jpg\" alt=\"\" width=\"2048\" height=\"2048\" srcset=\"https:\/\/yuancarevietnam.com\/wp-content\/uploads\/2025\/09\/500999264_122159749388488930_6747926025983572491_n.jpg 2048w, https:\/\/yuancarevietnam.com\/wp-content\/uploads\/2025\/09\/500999264_122159749388488930_6747926025983572491_n-300x300.jpg 300w, https:\/\/yuancarevietnam.com\/wp-content\/uploads\/2025\/09\/500999264_122159749388488930_6747926025983572491_n-1024x1024.jpg 1024w, https:\/\/yuancarevietnam.com\/wp-content\/uploads\/2025\/09\/500999264_122159749388488930_6747926025983572491_n-150x150.jpg 150w, https:\/\/yuancarevietnam.com\/wp-content\/uploads\/2025\/09\/500999264_122159749388488930_6747926025983572491_n-768x768.jpg 768w, https:\/\/yuancarevietnam.com\/wp-content\/uploads\/2025\/09\/500999264_122159749388488930_6747926025983572491_n-1536x1536.jpg 1536w, https:\/\/yuancarevietnam.com\/wp-content\/uploads\/2025\/09\/500999264_122159749388488930_6747926025983572491_n-12x12.jpg 12w, https:\/\/yuancarevietnam.com\/wp-content\/uploads\/2025\/09\/500999264_122159749388488930_6747926025983572491_n-600x600.jpg 600w\" sizes=\"(max-width: 2048px) 100vw, 2048px\" \/><\/p>\n<p><img decoding=\"async\" class=\"wp-image-8751 size-full aligncenter\" src=\"https:\/\/yuancarevietnam.com\/wp-content\/uploads\/2025\/09\/500765631_122159749406488930_5084348235361324329_n.jpg\" alt=\"\" width=\"2048\" height=\"2048\" srcset=\"https:\/\/yuancarevietnam.com\/wp-content\/uploads\/2025\/09\/500765631_122159749406488930_5084348235361324329_n.jpg 2048w, https:\/\/yuancarevietnam.com\/wp-content\/uploads\/2025\/09\/500765631_122159749406488930_5084348235361324329_n-300x300.jpg 300w, https:\/\/yuancarevietnam.com\/wp-content\/uploads\/2025\/09\/500765631_122159749406488930_5084348235361324329_n-1024x1024.jpg 1024w, https:\/\/yuancarevietnam.com\/wp-content\/uploads\/2025\/09\/500765631_122159749406488930_5084348235361324329_n-150x150.jpg 150w, https:\/\/yuancarevietnam.com\/wp-content\/uploads\/2025\/09\/500765631_122159749406488930_5084348235361324329_n-768x768.jpg 768w, https:\/\/yuancarevietnam.com\/wp-content\/uploads\/2025\/09\/500765631_122159749406488930_5084348235361324329_n-1536x1536.jpg 1536w, https:\/\/yuancarevietnam.com\/wp-content\/uploads\/2025\/09\/500765631_122159749406488930_5084348235361324329_n-12x12.jpg 12w, https:\/\/yuancarevietnam.com\/wp-content\/uploads\/2025\/09\/500765631_122159749406488930_5084348235361324329_n-600x600.jpg 600w\" sizes=\"(max-width: 2048px) 100vw, 2048px\" \/><img loading=\"lazy\" decoding=\"async\" class=\"wp-image-8752 size-full aligncenter\" src=\"https:\/\/yuancarevietnam.com\/wp-content\/uploads\/2025\/09\/500766068_122160751034488930_1613282089576524041_n.jpg\" alt=\"\" width=\"1100\" height=\"1100\" srcset=\"https:\/\/yuancarevietnam.com\/wp-content\/uploads\/2025\/09\/500766068_122160751034488930_1613282089576524041_n.jpg 1100w, https:\/\/yuancarevietnam.com\/wp-content\/uploads\/2025\/09\/500766068_122160751034488930_1613282089576524041_n-300x300.jpg 300w, https:\/\/yuancarevietnam.com\/wp-content\/uploads\/2025\/09\/500766068_122160751034488930_1613282089576524041_n-1024x1024.jpg 1024w, https:\/\/yuancarevietnam.com\/wp-content\/uploads\/2025\/09\/500766068_122160751034488930_1613282089576524041_n-150x150.jpg 150w, https:\/\/yuancarevietnam.com\/wp-content\/uploads\/2025\/09\/500766068_122160751034488930_1613282089576524041_n-768x768.jpg 768w, https:\/\/yuancarevietnam.com\/wp-content\/uploads\/2025\/09\/500766068_122160751034488930_1613282089576524041_n-12x12.jpg 12w, https:\/\/yuancarevietnam.com\/wp-content\/uploads\/2025\/09\/500766068_122160751034488930_1613282089576524041_n-600x600.jpg 600w\" sizes=\"(max-width: 1100px) 100vw, 1100px\" \/><\/p>\n<p>YUAN \u2013 Herbal expert from Taiwan. Established in 2005, started the journey with Taiwanese herbal products, combining Oriental health care methods and the philosophy of \u201cLiving is loving the body and being good to the environment\u201d.<\/p>\n<p>&nbsp;<\/p>","protected":false},"excerpt":{"rendered":"<p><span style=\"color: #ff0000;\"><strong>L\u01b0u \u00fd:<\/strong><\/span> \u0110\u00e2y l\u00e0 s\u1ea3n ph\u1ea9m kh\u00f4ng c\u00f2n bao b\u00ec ngo\u00e0i do g\u1eb7p s\u1ef1 c\u1ed1 trong qu\u00e1 tr\u00ecnh v\u1eadn chuy\u1ec3n. Tuy nhi\u00ean, s\u1ea3n ph\u1ea9m b\u00ean trong c\u00f2n nguy\u00ean seal, ch\u1ea5t l\u01b0\u1ee3ng kh\u00f4ng h\u1ec1 b\u1ecb \u1ea3nh h\u01b0\u1edfng.<br \/>\nV\u00ec th\u1ebf, b\u1ea1n ho\u00e0n to\u00e0n y\u00ean t\u00e2m s\u1eed d\u1ee5ng v\u00e0 c\u00f3 c\u01a1 h\u1ed9i s\u1edf h\u1eefu s\u1ea3n ph\u1ea9m ch\u00ednh h\u00e3ng Yuan v\u1edbi m\u1ee9c gi\u00e1 \u01b0u \u0111\u00e3i \u0111\u1eb7c bi\u1ec7t.<\/p>\n<p><strong>D\u1ea7u d\u01b0\u1ee1ng da hoa h\u1ed3ng &#8211; Ph\u1ee5c H\u1ed3i &amp; H\u1ed7 Tr\u1ee3 l\u00e0m M\u1edd S\u1eb9o B\u1ecfng v\u00e0 S\u1eb9o Th\u00e2m<\/strong><\/p>\n<p><strong>Th\u1ec3 t\u00edch th\u1ef1c: 10ml<\/strong><br \/>\nS\u1ea3n ph\u1ea9m ch\u0103m s\u00f3c da m\u1eb7t chuy\u00ean s\u00e2u, \u0111\u01b0\u1ee3c t\u1ea1o ra t\u1eeb s\u1ef1 k\u1ebft h\u1ee3p c\u1ee7a nh\u1eefng th\u00e0nh ph\u1ea7n qu\u00fd gi\u00e1 t\u1eeb thi\u00ean nhi\u00ean. \u0110\u00e2y kh\u00f4ng ch\u1ec9 l\u00e0 m\u1ed9t s\u1ea3n ph\u1ea9m d\u01b0\u1ee1ng da, m\u00e0 c\u00f2n l\u00e0 m\u1ed9t li\u1ec7u ph\u00e1p gi\u00fap da b\u1ea1n \u0111\u01b0\u1ee3c t\u00e1i sinh, l\u1ea5y l\u1ea1i v\u1ebb \u0111\u1eb9p r\u1ea1ng r\u1ee1 t\u1eeb s\u00e2u b\u00ean trong.<\/p>\n<p><strong>\u0110i\u1ec3m n\u1ed5i b\u1eadt:<\/strong><\/p>\n<ul>\n<li>K\u00edch th\u00edch t\u00e1i t\u1ea1o t\u1ebf b\u00e0o, h\u1ed7 tr\u1ee3 l\u00e0m m\u1edd s\u1eb9o th\u00e2m v\u00e0 s\u1eb9o b\u1ecfng. (C\u1ea7n 4\u20136 th\u00e1ng \u0111\u1ec3 th\u1ea5y k\u1ebft qu\u1ea3 r\u00f5 r\u1ec7t, c\u1ea7n k\u1ebft h\u1ee3p massage khi s\u1eed d\u1ee5ng)<\/li>\n<li>Nu\u00f4i d\u01b0\u1ee1ng \u0111\u1ed9 \u1ea9m chuy\u00ean s\u00e2u, ph\u1ee5c h\u1ed3i l\u00e0n da kh\u00f4 r\u00e1p, bong tr\u00f3c.<\/li>\n<li>L\u00e0m m\u1ec1m m\u1ecbn b\u1ec1 m\u1eb7t da, tr\u1ea3 l\u1ea1i l\u00e0n da \u0111\u1ec1u m\u00e0u, c\u0103ng s\u00e1ng.<\/li>\n<li>Tinh d\u1ea7u hoa h\u1ed3ng Damask cao c\u1ea5p gi\u00fap da tr\u1ebb h\u00f3a v\u00e0 t\u01b0\u01a1i m\u1edbi m\u1ed7i ng\u00e0y<\/li>\n<\/ul>\n<p>&nbsp;<\/p>","protected":false},"featured_media":8830,"comment_status":"closed","ping_status":"closed","template":"","meta":[],"product_brand":[],"product_cat":[99],"product_tag":[],"class_list":{"0":"post-8811","1":"product","2":"type-product","3":"status-publish","4":"has-post-thumbnail","6":"product_cat-tinh-dau","8":"first","9":"instock","10":"sale","11":"shipping-taxable","12":"purchasable","13":"product-type-simple"},"_links":{"self":[{"href":"https:\/\/yuancarevietnam.com\/en\/wp-json\/wp\/v2\/product\/8811","targetHints":{"allow":["GET"]}}],"collection":[{"href":"https:\/\/yuancarevietnam.com\/en\/wp-json\/wp\/v2\/product"}],"about":[{"href":"https:\/\/yuancarevietnam.com\/en\/wp-json\/wp\/v2\/types\/product"}],"replies":[{"embeddable":true,"href":"https:\/\/yuancarevietnam.com\/en\/wp-json\/wp\/v2\/comments?post=8811"}],"version-history":[{"count":0,"href":"https:\/\/yuancarevietnam.com\/en\/wp-json\/wp\/v2\/product\/8811\/revisions"}],"wp:featuredmedia":[{"embeddable":true,"href":"https:\/\/yuancarevietnam.com\/en\/wp-json\/wp\/v2\/media\/8830"}],"wp:attachment":[{"href":"https:\/\/yuancarevietnam.com\/en\/wp-json\/wp\/v2\/media?parent=8811"}],"wp:term":[{"taxonomy":"product_brand","embeddable":true,"href":"https:\/\/yuancarevietnam.com\/en\/wp-json\/wp\/v2\/product_brand?post=8811"},{"taxonomy":"product_cat","embeddable":true,"href":"https:\/\/yuancarevietnam.com\/en\/wp-json\/wp\/v2\/product_cat?post=8811"},{"taxonomy":"product_tag","embeddable":true,"href":"https:\/\/yuancarevietnam.com\/en\/wp-json\/wp\/v2\/product_tag?post=8811"}],"curies":[{"name":"wp","href":"https:\/\/api.w.org\/{rel}","templated":true}]}}