{"id":8794,"date":"2025-09-11T16:20:20","date_gmt":"2025-09-11T09:20:20","guid":{"rendered":"https:\/\/yuancarevietnam.com\/?post_type=product&#038;p=8794"},"modified":"2025-11-25T13:44:13","modified_gmt":"2025-11-25T06:44:13","slug":"tinh-dau-that-nhe-nhom-khong-bao-bi-ngoai","status":"publish","type":"product","link":"https:\/\/yuancarevietnam.com\/en\/product\/tinh-dau-that-nhe-nhom-khong-bao-bi-ngoai\/","title":{"rendered":"TINH D\u1ea6U TH\u1eacT NH\u1eb8 NH\u00d5M (KH\u00d4NG BAO B\u00cc NGO\u00c0I)"},"content":{"rendered":"<p><strong>D\u00f2ng Tinh d\u1ea7u Thu\u1ea7n h\u1eefu c\u01a1 100% t\u1eeb YUAN. 6 gi\u1ea3i ph\u00e1p t\u1ef1 nhi\u00ean gi\u00fap b\u1ea1n xua tan m\u1ec7t m\u1ecfi, ph\u1ee5c h\u1ed3i n\u0103ng l\u01b0\u1ee3ng v\u00e0 t\u00e1i t\u1ea1o tinh th\u1ea7n.<\/strong><\/p>\n<p><img fetchpriority=\"high\" decoding=\"async\" class=\"aligncenter wp-image-8796 size-full\" src=\"https:\/\/yuancarevietnam.com\/wp-content\/uploads\/2025\/09\/\u597d\u8f15\u9b06\u8907\u65b9\u7cbe\u6cb9_\u60c5\u5883-scaled.jpg\" alt=\"\" width=\"2560\" height=\"1707\" srcset=\"https:\/\/yuancarevietnam.com\/wp-content\/uploads\/2025\/09\/\u597d\u8f15\u9b06\u8907\u65b9\u7cbe\u6cb9_\u60c5\u5883-scaled.jpg 2560w, https:\/\/yuancarevietnam.com\/wp-content\/uploads\/2025\/09\/\u597d\u8f15\u9b06\u8907\u65b9\u7cbe\u6cb9_\u60c5\u5883-300x200.jpg 300w, https:\/\/yuancarevietnam.com\/wp-content\/uploads\/2025\/09\/\u597d\u8f15\u9b06\u8907\u65b9\u7cbe\u6cb9_\u60c5\u5883-1024x683.jpg 1024w, https:\/\/yuancarevietnam.com\/wp-content\/uploads\/2025\/09\/\u597d\u8f15\u9b06\u8907\u65b9\u7cbe\u6cb9_\u60c5\u5883-768x512.jpg 768w, https:\/\/yuancarevietnam.com\/wp-content\/uploads\/2025\/09\/\u597d\u8f15\u9b06\u8907\u65b9\u7cbe\u6cb9_\u60c5\u5883-1536x1024.jpg 1536w, https:\/\/yuancarevietnam.com\/wp-content\/uploads\/2025\/09\/\u597d\u8f15\u9b06\u8907\u65b9\u7cbe\u6cb9_\u60c5\u5883-2048x1365.jpg 2048w, https:\/\/yuancarevietnam.com\/wp-content\/uploads\/2025\/09\/\u597d\u8f15\u9b06\u8907\u65b9\u7cbe\u6cb9_\u60c5\u5883-18x12.jpg 18w, https:\/\/yuancarevietnam.com\/wp-content\/uploads\/2025\/09\/\u597d\u8f15\u9b06\u8907\u65b9\u7cbe\u6cb9_\u60c5\u5883-600x400.jpg 600w\" sizes=\"(max-width: 2560px) 100vw, 2560px\" \/><\/p>\n<p><b>Wall <\/b><b>part<\/b><b>: <\/b><\/p>\n<p>LAVANDULA HYBRIDA OIL\uff0cEUCALYPTUS GLOBULUS LEAF OIL\uff0cROSMARINUS OFFICINALIS (ROSEMARY) LEAF OIL\uff0cMELALEUCA LEUCADENDRON CAJAPUT OIL<\/p>\n<p><strong>H\u01b0\u01a1ng:<\/strong><br \/>\n<strong>Ch\u1ee7 \u0111\u1ea1o:<\/strong> Tinh d\u1ea7u Khuynh Di\u1ec7p v\u1edbi h\u01b0\u01a1ng th\u01a1m m\u1ea1nh m\u1ebd, s\u1ea3ng kho\u00e1i.<br \/>\n<strong>H\u01b0\u01a1ng ph\u1ee5:<\/strong> K\u1ebft h\u1ee3p ho\u00e0n h\u1ea3o c\u00f9ng Lavandin v\u00e0 Tr\u00e0m Gi\u00f3 (Cajeput).<\/p>\n<p><b>Direction<\/b> <b>guide<\/b> <b>history<\/b> <b>&amp; skin type<\/b><b>:<\/b><\/p>\n<p>Add a few drops of essential oil to an essential oil diffuser or wood burner to create a relaxing atmosphere.<\/p>\n<p class=\"translation-block\"><b>Information about YUAN:\u00a0 <\/b><\/p>\n<p><img decoding=\"async\" class=\"wp-image-8753 size-full aligncenter\" src=\"https:\/\/yuancarevietnam.com\/wp-content\/uploads\/2025\/09\/500999264_122159749388488930_6747926025983572491_n.jpg\" alt=\"\" width=\"2048\" height=\"2048\" srcset=\"https:\/\/yuancarevietnam.com\/wp-content\/uploads\/2025\/09\/500999264_122159749388488930_6747926025983572491_n.jpg 2048w, https:\/\/yuancarevietnam.com\/wp-content\/uploads\/2025\/09\/500999264_122159749388488930_6747926025983572491_n-300x300.jpg 300w, https:\/\/yuancarevietnam.com\/wp-content\/uploads\/2025\/09\/500999264_122159749388488930_6747926025983572491_n-1024x1024.jpg 1024w, https:\/\/yuancarevietnam.com\/wp-content\/uploads\/2025\/09\/500999264_122159749388488930_6747926025983572491_n-150x150.jpg 150w, https:\/\/yuancarevietnam.com\/wp-content\/uploads\/2025\/09\/500999264_122159749388488930_6747926025983572491_n-768x768.jpg 768w, https:\/\/yuancarevietnam.com\/wp-content\/uploads\/2025\/09\/500999264_122159749388488930_6747926025983572491_n-1536x1536.jpg 1536w, https:\/\/yuancarevietnam.com\/wp-content\/uploads\/2025\/09\/500999264_122159749388488930_6747926025983572491_n-12x12.jpg 12w, https:\/\/yuancarevietnam.com\/wp-content\/uploads\/2025\/09\/500999264_122159749388488930_6747926025983572491_n-600x600.jpg 600w\" sizes=\"(max-width: 2048px) 100vw, 2048px\" \/><\/p>\n<p><img decoding=\"async\" class=\"wp-image-8751 size-full aligncenter\" src=\"https:\/\/yuancarevietnam.com\/wp-content\/uploads\/2025\/09\/500765631_122159749406488930_5084348235361324329_n.jpg\" alt=\"\" width=\"2048\" height=\"2048\" srcset=\"https:\/\/yuancarevietnam.com\/wp-content\/uploads\/2025\/09\/500765631_122159749406488930_5084348235361324329_n.jpg 2048w, https:\/\/yuancarevietnam.com\/wp-content\/uploads\/2025\/09\/500765631_122159749406488930_5084348235361324329_n-300x300.jpg 300w, https:\/\/yuancarevietnam.com\/wp-content\/uploads\/2025\/09\/500765631_122159749406488930_5084348235361324329_n-1024x1024.jpg 1024w, https:\/\/yuancarevietnam.com\/wp-content\/uploads\/2025\/09\/500765631_122159749406488930_5084348235361324329_n-150x150.jpg 150w, https:\/\/yuancarevietnam.com\/wp-content\/uploads\/2025\/09\/500765631_122159749406488930_5084348235361324329_n-768x768.jpg 768w, https:\/\/yuancarevietnam.com\/wp-content\/uploads\/2025\/09\/500765631_122159749406488930_5084348235361324329_n-1536x1536.jpg 1536w, https:\/\/yuancarevietnam.com\/wp-content\/uploads\/2025\/09\/500765631_122159749406488930_5084348235361324329_n-12x12.jpg 12w, https:\/\/yuancarevietnam.com\/wp-content\/uploads\/2025\/09\/500765631_122159749406488930_5084348235361324329_n-600x600.jpg 600w\" sizes=\"(max-width: 2048px) 100vw, 2048px\" \/><img loading=\"lazy\" decoding=\"async\" class=\"wp-image-8752 size-full aligncenter\" src=\"https:\/\/yuancarevietnam.com\/wp-content\/uploads\/2025\/09\/500766068_122160751034488930_1613282089576524041_n.jpg\" alt=\"\" width=\"1100\" height=\"1100\" srcset=\"https:\/\/yuancarevietnam.com\/wp-content\/uploads\/2025\/09\/500766068_122160751034488930_1613282089576524041_n.jpg 1100w, https:\/\/yuancarevietnam.com\/wp-content\/uploads\/2025\/09\/500766068_122160751034488930_1613282089576524041_n-300x300.jpg 300w, https:\/\/yuancarevietnam.com\/wp-content\/uploads\/2025\/09\/500766068_122160751034488930_1613282089576524041_n-1024x1024.jpg 1024w, https:\/\/yuancarevietnam.com\/wp-content\/uploads\/2025\/09\/500766068_122160751034488930_1613282089576524041_n-150x150.jpg 150w, https:\/\/yuancarevietnam.com\/wp-content\/uploads\/2025\/09\/500766068_122160751034488930_1613282089576524041_n-768x768.jpg 768w, https:\/\/yuancarevietnam.com\/wp-content\/uploads\/2025\/09\/500766068_122160751034488930_1613282089576524041_n-12x12.jpg 12w, https:\/\/yuancarevietnam.com\/wp-content\/uploads\/2025\/09\/500766068_122160751034488930_1613282089576524041_n-600x600.jpg 600w\" sizes=\"(max-width: 1100px) 100vw, 1100px\" \/><\/p>\n<p>YUAN \u2013 Herbal expert from Taiwan. Established in 2005, started the journey with Taiwanese herbal products, combining Oriental health care methods and the philosophy of \u201cLiving is loving the body and being good to the environment\u201d.<\/p>\n<p>&nbsp;<\/p>","protected":false},"excerpt":{"rendered":"<p><span style=\"color: #ff0000;\"><strong>L\u01b0u \u00fd:<\/strong><\/span> \u0110\u00e2y l\u00e0 s\u1ea3n ph\u1ea9m kh\u00f4ng c\u00f2n bao b\u00ec ngo\u00e0i do g\u1eb7p s\u1ef1 c\u1ed1 trong qu\u00e1 tr\u00ecnh v\u1eadn chuy\u1ec3n. Tuy nhi\u00ean, s\u1ea3n ph\u1ea9m b\u00ean trong c\u00f2n nguy\u00ean seal, ch\u1ea5t l\u01b0\u1ee3ng kh\u00f4ng h\u1ec1 b\u1ecb \u1ea3nh h\u01b0\u1edfng.<br \/>\nV\u00ec th\u1ebf, b\u1ea1n ho\u00e0n to\u00e0n y\u00ean t\u00e2m s\u1eed d\u1ee5ng v\u00e0 c\u00f3 c\u01a1 h\u1ed9i s\u1edf h\u1eefu s\u1ea3n ph\u1ea9m ch\u00ednh h\u00e3ng Yuan v\u1edbi m\u1ee9c gi\u00e1 \u01b0u \u0111\u00e3i \u0111\u1eb7c bi\u1ec7t.<\/p>\n<p><b>Tinh d\u1ea7u Th\u1eadt\u00a0Nh\u1eb9 Nh\u00f5m (Digestion) &#8211; H\u00f3a gi\u1ea3i b\u1ebf t\u00e1c, kh\u01a1i d\u1eady n\u1ed9i l\u1ef1c<\/b><\/p>\n<p><b>Net<\/b> <b>volume<\/b> <b>: 115<\/b><b>: 10ml<\/b><\/p>\n<p>V\u1edbi h\u01b0\u01a1ng th\u01a1m \u1ea5m \u00e1p, nhi\u1ec1u t\u1ea7ng c\u1ee7a C\u00e2y X\u00f4 Th\u01a1m, k\u1ebft h\u1ee3p c\u00f9ng s\u1ef1 t\u01b0\u01a1i m\u00e1t c\u1ee7a B\u01b0\u1edfi H\u1ed3ng v\u00e0 H\u01b0\u01a1ng Th\u1ea3o, tinh d\u1ea7u n\u00e0y l\u00e0 gi\u1ea3i ph\u00e1p l\u00fd t\u01b0\u1edfng gi\u00fap b\u1ea1n gi\u1ea3i t\u1ecfa c\u0103ng th\u1eb3ng v\u00e0 l\u1ea5y l\u1ea1i s\u1ef1 t\u1ef1 tin. Mang l\u1ea1i c\u1ea3m gi\u00e1c an to\u00e0n v\u00e0 v\u1eefng ch\u00e3i, gi\u00fap xoa d\u1ecbu nh\u1eefng lo \u00e2u v\u00e0 kh\u00f4i ph\u1ee5c n\u0103ng l\u01b0\u1ee3ng t\u00edch c\u1ef1c, ti\u1ebfp th\u00eam \u0111\u1ed9ng l\u1ef1c \u0111\u1ec3 b\u1ea1n v\u01b0\u1ee3t qua m\u1ecdi th\u1eed th\u00e1ch.<\/p>\n<p><b>\u0110i\u1ec3m n\u1ed5i b\u1eadt:<\/b><\/p>\n<ul>\n<li>H\u01b0\u01a1ng th\u01a1m s\u00e2u l\u1eafng, \u1ea5m \u00e1p v\u00e0 th\u01b0 gi\u00e3n.<\/li>\n<li>H\u1ed7 tr\u1ee3 gi\u1ea3i t\u1ecfa c\u0103ng th\u1eb3ng, lo \u00e2u, mang l\u1ea1i s\u1ef1 b\u00ecnh y\u00ean cho t\u00e2m h\u1ed3n.<\/li>\n<li>Gi\u00fap kh\u00f4i ph\u1ee5c \u0111\u1ed9ng l\u1ef1c v\u00e0 s\u1ef1 quy\u1ebft t\u00e2m, ti\u1ebfp th\u00eam s\u1ee9c m\u1ea1nh \u0111\u1ec3 b\u1ea1n ti\u1ebfn v\u1ec1 ph\u00eda tr\u01b0\u1edbc.<\/li>\n<li>L\u00e0 &#8220;ch\u00eca kh\u00f3a&#8221; cho m\u1ed9t trong s\u00e1u kh\u00eda c\u1ea1nh quan tr\u1ecdng c\u1ee7a cu\u1ed9c s\u1ed1ng: Tinh Th\u1ea7n.<\/li>\n<\/ul>\n<p>&nbsp;<\/p>\n<p>&nbsp;<\/p>","protected":false},"featured_media":8795,"comment_status":"closed","ping_status":"closed","template":"","meta":[],"product_brand":[],"product_cat":[99],"product_tag":[],"class_list":{"0":"post-8794","1":"product","2":"type-product","3":"status-publish","4":"has-post-thumbnail","6":"product_cat-tinh-dau","8":"first","9":"outofstock","10":"sale","11":"shipping-taxable","12":"purchasable","13":"product-type-simple"},"_links":{"self":[{"href":"https:\/\/yuancarevietnam.com\/en\/wp-json\/wp\/v2\/product\/8794","targetHints":{"allow":["GET"]}}],"collection":[{"href":"https:\/\/yuancarevietnam.com\/en\/wp-json\/wp\/v2\/product"}],"about":[{"href":"https:\/\/yuancarevietnam.com\/en\/wp-json\/wp\/v2\/types\/product"}],"replies":[{"embeddable":true,"href":"https:\/\/yuancarevietnam.com\/en\/wp-json\/wp\/v2\/comments?post=8794"}],"version-history":[{"count":0,"href":"https:\/\/yuancarevietnam.com\/en\/wp-json\/wp\/v2\/product\/8794\/revisions"}],"wp:featuredmedia":[{"embeddable":true,"href":"https:\/\/yuancarevietnam.com\/en\/wp-json\/wp\/v2\/media\/8795"}],"wp:attachment":[{"href":"https:\/\/yuancarevietnam.com\/en\/wp-json\/wp\/v2\/media?parent=8794"}],"wp:term":[{"taxonomy":"product_brand","embeddable":true,"href":"https:\/\/yuancarevietnam.com\/en\/wp-json\/wp\/v2\/product_brand?post=8794"},{"taxonomy":"product_cat","embeddable":true,"href":"https:\/\/yuancarevietnam.com\/en\/wp-json\/wp\/v2\/product_cat?post=8794"},{"taxonomy":"product_tag","embeddable":true,"href":"https:\/\/yuancarevietnam.com\/en\/wp-json\/wp\/v2\/product_tag?post=8794"}],"curies":[{"name":"wp","href":"https:\/\/api.w.org\/{rel}","templated":true}]}}