{"id":8781,"date":"2025-09-11T15:30:05","date_gmt":"2025-09-11T08:30:05","guid":{"rendered":"https:\/\/yuancarevietnam.com\/?post_type=product&#038;p=8781"},"modified":"2025-11-25T13:44:47","modified_gmt":"2025-11-25T06:44:47","slug":"tinh-dau-that-thu-thai-khong-bao-bi-ngoai","status":"publish","type":"product","link":"https:\/\/yuancarevietnam.com\/en\/product\/tinh-dau-that-thu-thai-khong-bao-bi-ngoai\/","title":{"rendered":"TINH D\u1ea6U TH\u1eacT TH\u01af TH\u00c1I (KH\u00d4NG BAO B\u00cc NGO\u00c0I)"},"content":{"rendered":"<p><strong>D\u00f2ng Tinh d\u1ea7u Thu\u1ea7n h\u1eefu c\u01a1 100% t\u1eeb YUAN. 6 gi\u1ea3i ph\u00e1p t\u1ef1 nhi\u00ean gi\u00fap b\u1ea1n xua tan m\u1ec7t m\u1ecfi, ph\u1ee5c h\u1ed3i n\u0103ng l\u01b0\u1ee3ng v\u00e0 t\u00e1i t\u1ea1o tinh th\u1ea7n.<\/strong><\/p>\n<p><img fetchpriority=\"high\" decoding=\"async\" class=\"alignnone wp-image-8782 size-full\" src=\"https:\/\/yuancarevietnam.com\/wp-content\/uploads\/2025\/09\/\u597d\u5fc3\u60c5\u8907\u65b9\u7cbe\u6cb9_\u60c5\u5883-scaled.jpg\" alt=\"\" width=\"2560\" height=\"1707\" srcset=\"https:\/\/yuancarevietnam.com\/wp-content\/uploads\/2025\/09\/\u597d\u5fc3\u60c5\u8907\u65b9\u7cbe\u6cb9_\u60c5\u5883-scaled.jpg 2560w, https:\/\/yuancarevietnam.com\/wp-content\/uploads\/2025\/09\/\u597d\u5fc3\u60c5\u8907\u65b9\u7cbe\u6cb9_\u60c5\u5883-300x200.jpg 300w, https:\/\/yuancarevietnam.com\/wp-content\/uploads\/2025\/09\/\u597d\u5fc3\u60c5\u8907\u65b9\u7cbe\u6cb9_\u60c5\u5883-1024x683.jpg 1024w, https:\/\/yuancarevietnam.com\/wp-content\/uploads\/2025\/09\/\u597d\u5fc3\u60c5\u8907\u65b9\u7cbe\u6cb9_\u60c5\u5883-768x512.jpg 768w, https:\/\/yuancarevietnam.com\/wp-content\/uploads\/2025\/09\/\u597d\u5fc3\u60c5\u8907\u65b9\u7cbe\u6cb9_\u60c5\u5883-1536x1024.jpg 1536w, https:\/\/yuancarevietnam.com\/wp-content\/uploads\/2025\/09\/\u597d\u5fc3\u60c5\u8907\u65b9\u7cbe\u6cb9_\u60c5\u5883-2048x1365.jpg 2048w, https:\/\/yuancarevietnam.com\/wp-content\/uploads\/2025\/09\/\u597d\u5fc3\u60c5\u8907\u65b9\u7cbe\u6cb9_\u60c5\u5883-18x12.jpg 18w, https:\/\/yuancarevietnam.com\/wp-content\/uploads\/2025\/09\/\u597d\u5fc3\u60c5\u8907\u65b9\u7cbe\u6cb9_\u60c5\u5883-600x400.jpg 600w\" sizes=\"(max-width: 2560px) 100vw, 2560px\" \/><\/p>\n<p><b>Wall <\/b><b>part<\/b><b>: <\/b><\/p>\n<p>LAVANDULA ANGUSTIFOLIA (LAVENDER) OIL\uff0cCITRUS AURANTIUM BERGAMIA (BERGAMOT) FRUIT OIL\uff0cCITRUS AURANTIUM DULCIS (ORANGE) PEEL OIL\uff0cCITRUS AURANTIUM AMARA (BITTER ORANGE) LEAF\/TWIG OIL<\/p>\n<p><b>Direction<\/b> <b>guide<\/b> <b>history<\/b> <b>&amp; skin type<\/b><b>:<\/b><\/p>\n<p>Add a few drops of essential oil to an essential oil diffuser or wood burner to create a relaxing atmosphere.<\/p>\n<p class=\"translation-block\"><b>Information about YUAN:\u00a0 <\/b><\/p>\n<p><img decoding=\"async\" class=\"wp-image-8753 size-full aligncenter\" src=\"https:\/\/yuancarevietnam.com\/wp-content\/uploads\/2025\/09\/500999264_122159749388488930_6747926025983572491_n.jpg\" alt=\"\" width=\"2048\" height=\"2048\" srcset=\"https:\/\/yuancarevietnam.com\/wp-content\/uploads\/2025\/09\/500999264_122159749388488930_6747926025983572491_n.jpg 2048w, https:\/\/yuancarevietnam.com\/wp-content\/uploads\/2025\/09\/500999264_122159749388488930_6747926025983572491_n-300x300.jpg 300w, https:\/\/yuancarevietnam.com\/wp-content\/uploads\/2025\/09\/500999264_122159749388488930_6747926025983572491_n-1024x1024.jpg 1024w, https:\/\/yuancarevietnam.com\/wp-content\/uploads\/2025\/09\/500999264_122159749388488930_6747926025983572491_n-150x150.jpg 150w, https:\/\/yuancarevietnam.com\/wp-content\/uploads\/2025\/09\/500999264_122159749388488930_6747926025983572491_n-768x768.jpg 768w, https:\/\/yuancarevietnam.com\/wp-content\/uploads\/2025\/09\/500999264_122159749388488930_6747926025983572491_n-1536x1536.jpg 1536w, https:\/\/yuancarevietnam.com\/wp-content\/uploads\/2025\/09\/500999264_122159749388488930_6747926025983572491_n-12x12.jpg 12w, https:\/\/yuancarevietnam.com\/wp-content\/uploads\/2025\/09\/500999264_122159749388488930_6747926025983572491_n-600x600.jpg 600w\" sizes=\"(max-width: 2048px) 100vw, 2048px\" \/><\/p>\n<p><img decoding=\"async\" class=\"wp-image-8751 size-full aligncenter\" src=\"https:\/\/yuancarevietnam.com\/wp-content\/uploads\/2025\/09\/500765631_122159749406488930_5084348235361324329_n.jpg\" alt=\"\" width=\"2048\" height=\"2048\" srcset=\"https:\/\/yuancarevietnam.com\/wp-content\/uploads\/2025\/09\/500765631_122159749406488930_5084348235361324329_n.jpg 2048w, https:\/\/yuancarevietnam.com\/wp-content\/uploads\/2025\/09\/500765631_122159749406488930_5084348235361324329_n-300x300.jpg 300w, https:\/\/yuancarevietnam.com\/wp-content\/uploads\/2025\/09\/500765631_122159749406488930_5084348235361324329_n-1024x1024.jpg 1024w, https:\/\/yuancarevietnam.com\/wp-content\/uploads\/2025\/09\/500765631_122159749406488930_5084348235361324329_n-150x150.jpg 150w, https:\/\/yuancarevietnam.com\/wp-content\/uploads\/2025\/09\/500765631_122159749406488930_5084348235361324329_n-768x768.jpg 768w, https:\/\/yuancarevietnam.com\/wp-content\/uploads\/2025\/09\/500765631_122159749406488930_5084348235361324329_n-1536x1536.jpg 1536w, https:\/\/yuancarevietnam.com\/wp-content\/uploads\/2025\/09\/500765631_122159749406488930_5084348235361324329_n-12x12.jpg 12w, https:\/\/yuancarevietnam.com\/wp-content\/uploads\/2025\/09\/500765631_122159749406488930_5084348235361324329_n-600x600.jpg 600w\" sizes=\"(max-width: 2048px) 100vw, 2048px\" \/><img loading=\"lazy\" decoding=\"async\" class=\"wp-image-8752 size-full aligncenter\" src=\"https:\/\/yuancarevietnam.com\/wp-content\/uploads\/2025\/09\/500766068_122160751034488930_1613282089576524041_n.jpg\" alt=\"\" width=\"1100\" height=\"1100\" srcset=\"https:\/\/yuancarevietnam.com\/wp-content\/uploads\/2025\/09\/500766068_122160751034488930_1613282089576524041_n.jpg 1100w, https:\/\/yuancarevietnam.com\/wp-content\/uploads\/2025\/09\/500766068_122160751034488930_1613282089576524041_n-300x300.jpg 300w, https:\/\/yuancarevietnam.com\/wp-content\/uploads\/2025\/09\/500766068_122160751034488930_1613282089576524041_n-1024x1024.jpg 1024w, https:\/\/yuancarevietnam.com\/wp-content\/uploads\/2025\/09\/500766068_122160751034488930_1613282089576524041_n-150x150.jpg 150w, https:\/\/yuancarevietnam.com\/wp-content\/uploads\/2025\/09\/500766068_122160751034488930_1613282089576524041_n-768x768.jpg 768w, https:\/\/yuancarevietnam.com\/wp-content\/uploads\/2025\/09\/500766068_122160751034488930_1613282089576524041_n-12x12.jpg 12w, https:\/\/yuancarevietnam.com\/wp-content\/uploads\/2025\/09\/500766068_122160751034488930_1613282089576524041_n-600x600.jpg 600w\" sizes=\"(max-width: 1100px) 100vw, 1100px\" \/><\/p>\n<p>YUAN \u2013 Herbal expert from Taiwan. Established in 2005, started the journey with Taiwanese herbal products, combining Oriental health care methods and the philosophy of \u201cLiving is loving the body and being good to the environment\u201d.<\/p>\n<p>&nbsp;<\/p>","protected":false},"excerpt":{"rendered":"<p><span style=\"color: #ff0000;\"><strong>L\u01b0u \u00fd:<\/strong><\/span> \u0110\u00e2y l\u00e0 s\u1ea3n ph\u1ea9m kh\u00f4ng c\u00f2n bao b\u00ec ngo\u00e0i do g\u1eb7p s\u1ef1 c\u1ed1 trong qu\u00e1 tr\u00ecnh v\u1eadn chuy\u1ec3n. Tuy nhi\u00ean, s\u1ea3n ph\u1ea9m b\u00ean trong c\u00f2n nguy\u00ean seal, ch\u1ea5t l\u01b0\u1ee3ng kh\u00f4ng h\u1ec1 b\u1ecb \u1ea3nh h\u01b0\u1edfng.<br \/>\nV\u00ec th\u1ebf, b\u1ea1n ho\u00e0n to\u00e0n y\u00ean t\u00e2m s\u1eed d\u1ee5ng v\u00e0 c\u00f3 c\u01a1 h\u1ed9i s\u1edf h\u1eefu s\u1ea3n ph\u1ea9m ch\u00ednh h\u00e3ng Yuan v\u1edbi m\u1ee9c gi\u00e1 \u01b0u \u0111\u00e3i \u0111\u1eb7c bi\u1ec7t.<\/p>\n<p><b>Tinh d\u1ea7u Th\u1eadt Th\u01b0 Th\u00e1i (De-Stress) &#8211; Gi\u1ea3i ph\u00f3ng phi\u1ec1n mu\u1ed9n, lan t\u1ecfa y\u00eau th\u01b0\u01a1ng<\/b><\/p>\n<p><b>Net<\/b> <b>volume<\/b> <b>: 115<\/b><b>: 10ml<\/b><\/p>\n<p>S\u1ef1 t\u01b0\u01a1i m\u00e1t c\u1ee7a Cam Bergamot v\u00e0 h\u01b0\u01a1ng th\u01a1m \u0111\u1ed9c \u0111\u00e1o c\u1ee7a L\u00e1 Cam \u0110\u1eafng, s\u1ea3n ph\u1ea9m n\u00e0y kh\u00f4ng ch\u1ec9 l\u00e0 m\u1ed9t li\u1ec7u ph\u00e1p th\u01b0 gi\u00e3n m\u00e0 c\u00f2n gi\u00fap b\u1ea1n lan t\u1ecfa s\u1ef1 \u1ea5m \u00e1p, y\u00eau th\u01b0\u01a1ng \u0111\u1ebfn m\u1ecdi ng\u01b0\u1eddi xung quanh. H\u01b0\u01a1ng th\u01a1m nh\u1eb9 nh\u00e0ng, h\u00e0i h\u00f2a s\u1ebd gi\u00fap b\u1ea1n t\u1ea1o \u1ea5n t\u01b0\u1ee3ng t\u1ed1t v\u00e0 thu h\u00fat nh\u1eefng m\u1ed1i quan h\u1ec7 t\u00edch c\u1ef1c.<\/p>\n<p><b>\u0110i\u1ec3m n\u1ed5i b\u1eadt:<\/b><\/p>\n<ul>\n<li>H\u01b0\u01a1ng th\u01a1m d\u1ecbu d\u00e0ng, ng\u1ecdt ng\u00e0o v\u00e0 cu\u1ed1n h\u00fat.<\/li>\n<li>H\u1ed7 tr\u1ee3 t\u0103ng c\u01b0\u1eddng s\u1ee9c h\u00fat c\u00e1 nh\u00e2n, gi\u00fap b\u1ea1n \u0111\u01b0\u1ee3c y\u00eau m\u1ebfn.<\/li>\n<li>T\u1ea1o ra m\u1ed9t kh\u00f4ng gian \u1ea5m \u00e1p, th\u00e2n thi\u1ec7n, mang l\u1ea1i c\u1ea3m gi\u00e1c an t\u00e2m.<\/li>\n<li>L\u00e0 &#8220;gi\u1ea3i ph\u00e1p&#8221; cho m\u1ed9t trong s\u00e1u kh\u00eda c\u1ea1nh quan tr\u1ecdng c\u1ee7a cu\u1ed9c s\u1ed1ng: M\u1ed1i Quan H\u1ec7.<\/li>\n<\/ul>\n<p>&nbsp;<\/p>\n<p>&nbsp;<\/p>","protected":false},"featured_media":8783,"comment_status":"closed","ping_status":"closed","template":"","meta":[],"product_brand":[],"product_cat":[99],"product_tag":[],"class_list":{"0":"post-8781","1":"product","2":"type-product","3":"status-publish","4":"has-post-thumbnail","6":"product_cat-tinh-dau","8":"first","9":"outofstock","10":"sale","11":"shipping-taxable","12":"purchasable","13":"product-type-simple"},"_links":{"self":[{"href":"https:\/\/yuancarevietnam.com\/en\/wp-json\/wp\/v2\/product\/8781","targetHints":{"allow":["GET"]}}],"collection":[{"href":"https:\/\/yuancarevietnam.com\/en\/wp-json\/wp\/v2\/product"}],"about":[{"href":"https:\/\/yuancarevietnam.com\/en\/wp-json\/wp\/v2\/types\/product"}],"replies":[{"embeddable":true,"href":"https:\/\/yuancarevietnam.com\/en\/wp-json\/wp\/v2\/comments?post=8781"}],"version-history":[{"count":0,"href":"https:\/\/yuancarevietnam.com\/en\/wp-json\/wp\/v2\/product\/8781\/revisions"}],"wp:featuredmedia":[{"embeddable":true,"href":"https:\/\/yuancarevietnam.com\/en\/wp-json\/wp\/v2\/media\/8783"}],"wp:attachment":[{"href":"https:\/\/yuancarevietnam.com\/en\/wp-json\/wp\/v2\/media?parent=8781"}],"wp:term":[{"taxonomy":"product_brand","embeddable":true,"href":"https:\/\/yuancarevietnam.com\/en\/wp-json\/wp\/v2\/product_brand?post=8781"},{"taxonomy":"product_cat","embeddable":true,"href":"https:\/\/yuancarevietnam.com\/en\/wp-json\/wp\/v2\/product_cat?post=8781"},{"taxonomy":"product_tag","embeddable":true,"href":"https:\/\/yuancarevietnam.com\/en\/wp-json\/wp\/v2\/product_tag?post=8781"}],"curies":[{"name":"wp","href":"https:\/\/api.w.org\/{rel}","templated":true}]}}