{"id":8724,"date":"2025-09-11T10:11:24","date_gmt":"2025-09-11T03:11:24","guid":{"rendered":"https:\/\/yuancarevietnam.com\/?post_type=product&#038;p=8724"},"modified":"2026-03-18T16:28:48","modified_gmt":"2026-03-18T09:28:48","slug":"tinh-dau-thuc-phuong-khong-bao-bi-ngoai","status":"publish","type":"product","link":"https:\/\/yuancarevietnam.com\/en\/product\/tinh-dau-thuc-phuong-khong-bao-bi-ngoai\/","title":{"rendered":"TINH D\u1ea6U TH\u1ee8C PH\u01af\u01a0NG (KH\u00d4NG BAO B\u00cc NGO\u00c0I)"},"content":{"rendered":"<p><b>Funtions<\/b>\u00a0<b>d\u1ee5ng:<\/b><\/p>\n<p>T\u00e1i t\u1ea1o n\u0103ng l\u01b0\u1ee3ng t\u00edch c\u1ef1c, lo\u1ea1i b\u1ecf n\u0103ng l\u01b0\u1ee3ng ti\u00eau c\u1ef1c<\/p>\n<p><b>Wall <\/b><b>part<\/b><b>: <\/b><\/p>\n<p>Cymbopogon Martini Oil, Citrus Medica Limonum (Lemon) Peel Oil, Eucalyptus Globulus Leaf Oil, Citrus Aurantium Dulcis(Orange) Peel Oil, Citrus Aurantium Bergamia (Bergamot) Fruit Oil, Citrus Aurantifolia (Lime) Oil, Mentha Piperita(Peppermint) Oil<\/p>\n<p><b>About<\/b> <b>product<\/b> <b>product<\/b> <b>pure<\/b> <b>oil<\/b> <b>belong to<\/b><b> Yuan:<\/b><\/p>\n<p>YUAN utilizes the essence of many plants, in which the \u201cEssential Oil\u201d category holds the most important meaning. Essential Oil represents the sense of smell, healing and culture.<\/p>\n<p><b>Direction<\/b> <b>guide<\/b> <b>history<\/b> <b>&amp; skin type<\/b><b>:<\/b><\/p>\n<p>Add a few drops of essential oil to an essential oil diffuser or wood burner to create a relaxing atmosphere.<\/p>\n<p class=\"translation-block\"><b>Information about YUAN:\u00a0 <\/b><\/p>\n<p>YUAN \u2013 Herbal expert from Taiwan. Established in 2005, started the journey with Taiwanese herbal products, combining Oriental health care methods and the philosophy of \u201cLiving is loving the body and being good to the environment\u201d.<\/p>\n<p>From the YUAN Farm in Yangmingshan, where YUAN grows herbs using the \u201cHeaven gives birth to elephants and grasses\u201d method, we utilize natural resources to create the purest and highest quality body care products. YUAN brings a delicate combination of artisanal spirit, labor aesthetics and herbal wisdom, to bring you healthy and radiant skin through natural and effective skin care products.<\/p>\n<p>Yuan\u2019s product portfolio ranges from body care, hair care, skin care, oral care, and aromatherapy, and features handmade soaps. Each bar is handcrafted in 18 steps and cold-pressed for 60 days to preserve the properties of the herbs.<\/p>\n<p>The ingredients in Yuan products are mostly extracted from natural and environmentally friendly ingredients that help restore your skin thanks to the powerful properties of precious herbs. The products do not contain preservatives, artificial colors or fragrances, providing safety and optimal effectiveness for users.<\/p>","protected":false},"excerpt":{"rendered":"<p><span style=\"color: #ff0000;\"><strong>L\u01b0u \u00fd:<\/strong> <\/span>\u0110\u00e2y l\u00e0 s\u1ea3n ph\u1ea9m kh\u00f4ng c\u00f2n bao b\u00ec ngo\u00e0i do g\u1eb7p s\u1ef1 c\u1ed1 trong qu\u00e1 tr\u00ecnh v\u1eadn chuy\u1ec3n. Tuy nhi\u00ean, s\u1ea3n ph\u1ea9m b\u00ean trong c\u00f2n nguy\u00ean seal, ch\u1ea5t l\u01b0\u1ee3ng kh\u00f4ng h\u1ec1 b\u1ecb \u1ea3nh h\u01b0\u1edfng.<br \/>\nV\u00ec th\u1ebf, b\u1ea1n ho\u00e0n to\u00e0n y\u00ean t\u00e2m s\u1eed d\u1ee5ng v\u00e0 c\u00f3 c\u01a1 h\u1ed9i s\u1edf h\u1eefu s\u1ea3n ph\u1ea9m ch\u00ednh h\u00e3ng Yuan v\u1edbi m\u1ee9c gi\u00e1 \u01b0u \u0111\u00e3i \u0111\u1eb7c bi\u1ec7t.<\/p>\n<p><b>Net<\/b> <b>volume<\/b> <b>: 115<\/b><b>: 10ml<br \/>\n<\/b><strong>L\u1ef1a ch\u1ecdn h\u00e0ng \u0111\u1ea7u khi c\u1ea7n n\u00e2ng cao hi\u1ec7u qu\u1ea3 h\u1ecdc t\u1eadp. <\/strong><\/p>\n<p>N\u00e2ng cao hi\u1ec7u su\u1ea5t ho\u1ea1t \u0111\u1ed9ng t\u1ebf b\u00e0o n\u00e3o. T\u0103ng kh\u1ea3 n\u0103ng t\u1eadp trung, t\u0103ng tr\u00ed nh\u1edb, gi\u00fap lo\u1ea1i b\u1ecf t\u1ea1p ni\u1ec7m, t\u1ea1o c\u1ea3m gi\u00e1c ch\u00e2n th\u1eadt.<\/p>","protected":false},"featured_media":8725,"comment_status":"closed","ping_status":"closed","template":"","meta":[],"product_brand":[],"product_cat":[99],"product_tag":[],"class_list":{"0":"post-8724","1":"product","2":"type-product","3":"status-publish","4":"has-post-thumbnail","6":"product_cat-tinh-dau","8":"first","9":"instock","10":"sale","11":"shipping-taxable","12":"purchasable","13":"product-type-simple"},"_links":{"self":[{"href":"https:\/\/yuancarevietnam.com\/en\/wp-json\/wp\/v2\/product\/8724","targetHints":{"allow":["GET"]}}],"collection":[{"href":"https:\/\/yuancarevietnam.com\/en\/wp-json\/wp\/v2\/product"}],"about":[{"href":"https:\/\/yuancarevietnam.com\/en\/wp-json\/wp\/v2\/types\/product"}],"replies":[{"embeddable":true,"href":"https:\/\/yuancarevietnam.com\/en\/wp-json\/wp\/v2\/comments?post=8724"}],"version-history":[{"count":0,"href":"https:\/\/yuancarevietnam.com\/en\/wp-json\/wp\/v2\/product\/8724\/revisions"}],"wp:featuredmedia":[{"embeddable":true,"href":"https:\/\/yuancarevietnam.com\/en\/wp-json\/wp\/v2\/media\/8725"}],"wp:attachment":[{"href":"https:\/\/yuancarevietnam.com\/en\/wp-json\/wp\/v2\/media?parent=8724"}],"wp:term":[{"taxonomy":"product_brand","embeddable":true,"href":"https:\/\/yuancarevietnam.com\/en\/wp-json\/wp\/v2\/product_brand?post=8724"},{"taxonomy":"product_cat","embeddable":true,"href":"https:\/\/yuancarevietnam.com\/en\/wp-json\/wp\/v2\/product_cat?post=8724"},{"taxonomy":"product_tag","embeddable":true,"href":"https:\/\/yuancarevietnam.com\/en\/wp-json\/wp\/v2\/product_tag?post=8724"}],"curies":[{"name":"wp","href":"https:\/\/api.w.org\/{rel}","templated":true}]}}