{"id":8691,"date":"2025-09-10T18:26:38","date_gmt":"2025-09-10T11:26:38","guid":{"rendered":"https:\/\/yuancarevietnam.com\/?post_type=product&#038;p=8691"},"modified":"2025-09-11T14:20:11","modified_gmt":"2025-09-11T07:20:11","slug":"tinh-dau-thu-phuong-khong-bao-bi","status":"publish","type":"product","link":"https:\/\/yuancarevietnam.com\/en\/product\/tinh-dau-thu-phuong-khong-bao-bi\/","title":{"rendered":"TINH D\u1ea6U TH\u01af PH\u01af\u01a0NG (KH\u00d4NG BAO B\u00cc NGO\u00c0I)"},"content":{"rendered":"<div data-elementor-type=\"product-post\" data-elementor-id=\"8691\" class=\"elementor elementor-8691\" data-elementor-post-type=\"product\">\n\t\t\t\t\t\t<section class=\"elementor-section elementor-top-section elementor-element elementor-element-4440ca9a elementor-section-boxed elementor-section-height-default elementor-section-height-default\" data-id=\"4440ca9a\" data-element_type=\"section\" data-e-type=\"section\">\n\t\t\t\t\t\t<div class=\"elementor-container elementor-column-gap-default\">\n\t\t\t\t\t<div class=\"elementor-column elementor-col-100 elementor-top-column elementor-element elementor-element-34e0526f\" data-id=\"34e0526f\" data-element_type=\"column\" data-e-type=\"column\">\n\t\t\t<div class=\"elementor-widget-wrap elementor-element-populated\">\n\t\t\t\t\t\t<div class=\"elementor-element elementor-element-3b3a2104 elementor-widget elementor-widget-text-editor\" data-id=\"3b3a2104\" data-element_type=\"widget\" data-e-type=\"widget\" data-widget_type=\"text-editor.default\">\n\t\t\t\t<div class=\"elementor-widget-container\">\n\t\t\t\t\t\t\t\t\t<p><span style=\"color: #ffffff;\"><b><img fetchpriority=\"high\" decoding=\"async\" class=\"aligncenter wp-image-8695 size-full\" src=\"https:\/\/yuancarevietnam.com\/wp-content\/uploads\/2025\/09\/Tinh-dau-1.png\" alt=\"\" width=\"1250\" height=\"1250\" srcset=\"https:\/\/yuancarevietnam.com\/wp-content\/uploads\/2025\/09\/Tinh-dau-1.png 1250w, https:\/\/yuancarevietnam.com\/wp-content\/uploads\/2025\/09\/Tinh-dau-1-300x300.png 300w, https:\/\/yuancarevietnam.com\/wp-content\/uploads\/2025\/09\/Tinh-dau-1-1024x1024.png 1024w, https:\/\/yuancarevietnam.com\/wp-content\/uploads\/2025\/09\/Tinh-dau-1-150x150.png 150w, https:\/\/yuancarevietnam.com\/wp-content\/uploads\/2025\/09\/Tinh-dau-1-768x768.png 768w, https:\/\/yuancarevietnam.com\/wp-content\/uploads\/2025\/09\/Tinh-dau-1-12x12.png 12w, https:\/\/yuancarevietnam.com\/wp-content\/uploads\/2025\/09\/Tinh-dau-1-600x600.png 600w\" sizes=\"(max-width: 1250px) 100vw, 1250px\" \/><\/b><\/span><\/p><p><b>Funtions<\/b> <b>&amp; skin type<\/b><b>:<\/b><\/p><p><b>Letters<\/b> <b>stretch<\/b><b> &amp; <\/b><b>serve<\/b>\u00a0<b>h\u1ed3i, ng\u1ee7 s\u00e2u<\/b><\/p><p><b>Wall <\/b><b>part<\/b><b>: <\/b><\/p><p>Lavandula Angustifolia (Lavender) Oil, Pelargonium Graveolens Oil, Citrus Aurantium Bergamia (Bergamot) Fruit Oil, Vetiveria Zizanoides (Vetiver) Oil<\/p><p><b>About<\/b> <b>product<\/b> <b>product<\/b> <b>pure<\/b> <b>oil<\/b> <b>belong to<\/b><b> Yuan:<\/b><\/p><p>YUAN utilizes the essence of many plants, in which the \u201cEssential Oil\u201d category holds the most important meaning. Essential Oil represents the sense of smell, healing and culture.<\/p><p><b>Direction<\/b> <b>guide<\/b> <b>history<\/b> <b>&amp; skin type<\/b><b>:<\/b><\/p><p>Add a few drops of essential oil to an essential oil diffuser or wood burner to create a relaxing atmosphere.<\/p><p class=\"translation-block\"><b>Information about YUAN:\u00a0 <\/b><\/p><p>YUAN \u2013 Herbal expert from Taiwan. Established in 2005, started the journey with Taiwanese herbal products, combining Oriental health care methods and the philosophy of \u201cLiving is loving the body and being good to the environment\u201d.<\/p><p>From the YUAN Farm in Yangmingshan, where YUAN grows herbs using the \u201cHeaven gives birth to elephants and grasses\u201d method, we utilize natural resources to create the purest and highest quality body care products. YUAN brings a delicate combination of artisanal spirit, labor aesthetics and herbal wisdom, to bring you healthy and radiant skin through natural and effective skin care products.<\/p><p>Yuan\u2019s product portfolio ranges from body care, hair care, skin care, oral care, and aromatherapy, and features handmade soaps. Each bar is handcrafted in 18 steps and cold-pressed for 60 days to preserve the properties of the herbs.<\/p><p>The ingredients in Yuan products are mostly extracted from natural and environmentally friendly ingredients that help restore your skin thanks to the powerful properties of precious herbs. The products do not contain preservatives, artificial colors or fragrances, providing safety and optimal effectiveness for users.<\/p>\t\t\t\t\t\t\t\t<\/div>\n\t\t\t\t<\/div>\n\t\t\t\t\t<\/div>\n\t\t<\/div>\n\t\t\t\t\t<\/div>\n\t\t<\/section>\n\t\t\t\t<section class=\"elementor-section elementor-top-section elementor-element elementor-element-0a4968e elementor-section-boxed elementor-section-height-default elementor-section-height-default\" data-id=\"0a4968e\" data-element_type=\"section\" data-e-type=\"section\">\n\t\t\t\t\t\t<div class=\"elementor-container elementor-column-gap-default\">\n\t\t\t\t\t<div class=\"elementor-column elementor-col-100 elementor-top-column elementor-element elementor-element-900d474\" data-id=\"900d474\" data-element_type=\"column\" data-e-type=\"column\">\n\t\t\t<div class=\"elementor-widget-wrap elementor-element-populated\">\n\t\t\t\t\t\t<div class=\"elementor-element elementor-element-25ccd67 elementor-widget elementor-widget-heading\" data-id=\"25ccd67\" data-element_type=\"widget\" data-e-type=\"widget\" data-widget_type=\"heading.default\">\n\t\t\t\t<div class=\"elementor-widget-container\">\n\t\t\t\t\t<h2 class=\"elementor-heading-title elementor-size-default\">Th\u00eam ti\u00eau \u0111\u1ec1 c\u1ee7a b\u1ea1n \u1edf \u0111\u00e2y<\/h2>\t\t\t\t<\/div>\n\t\t\t\t<\/div>\n\t\t\t\t\t<\/div>\n\t\t<\/div>\n\t\t\t\t\t<\/div>\n\t\t<\/section>\n\t\t\t\t<\/div>","protected":false},"excerpt":{"rendered":"<p><span style=\"color: #ff0000;\"><strong>L\u01b0u \u00fd:<\/strong> <\/span>\u0110\u00e2y l\u00e0 s\u1ea3n ph\u1ea9m kh\u00f4ng c\u00f2n bao b\u00ec ngo\u00e0i do b\u1ecb \u01b0\u1edbt trong qu\u00e1 tr\u00ecnh v\u1eadn chuy\u1ec3n. Tuy nhi\u00ean, chai tinh d\u1ea7u b\u00ean trong c\u00f2n nguy\u00ean seal, ch\u1ea5t l\u01b0\u1ee3ng kh\u00f4ng h\u1ec1 b\u1ecb \u1ea3nh h\u01b0\u1edfng.<br \/>\nV\u00ec th\u1ebf, b\u1ea1n ho\u00e0n to\u00e0n y\u00ean t\u00e2m s\u1eed d\u1ee5ng v\u00e0 c\u00f3 c\u01a1 h\u1ed9i s\u1edf h\u1eefu s\u1ea3n ph\u1ea9m ch\u00ednh h\u00e3ng Yuan v\u1edbi m\u1ee9c gi\u00e1 \u01b0u \u0111\u00e3i \u0111\u1eb7c bi\u1ec7t.<\/p>\n<p><b>Net<\/b> <b>volume<\/b> <b>: 115<\/b><b>: 10ml<br \/>\n<\/b>S\u1ea3n ph\u1ea9m b\u00e1n ch\u1ea1y h\u00e0ng \u0111\u1ea7u c\u1ee7a danh m\u1ee5c Tinh d\u1ea7u h\u1ed7n h\u1ee3p. L\u1ef1a ch\u1ecdn h\u00e0ng \u0111\u1ea7u cho gi\u1ea5c ng\u1ee7 s\u00e2u.<\/p>","protected":false},"featured_media":8772,"comment_status":"open","ping_status":"closed","template":"","meta":[],"product_brand":[],"product_cat":[99],"product_tag":[],"class_list":{"0":"post-8691","1":"product","2":"type-product","3":"status-publish","4":"has-post-thumbnail","6":"product_cat-tinh-dau","8":"first","9":"instock","10":"sale","11":"shipping-taxable","12":"purchasable","13":"product-type-simple"},"_links":{"self":[{"href":"https:\/\/yuancarevietnam.com\/en\/wp-json\/wp\/v2\/product\/8691","targetHints":{"allow":["GET"]}}],"collection":[{"href":"https:\/\/yuancarevietnam.com\/en\/wp-json\/wp\/v2\/product"}],"about":[{"href":"https:\/\/yuancarevietnam.com\/en\/wp-json\/wp\/v2\/types\/product"}],"replies":[{"embeddable":true,"href":"https:\/\/yuancarevietnam.com\/en\/wp-json\/wp\/v2\/comments?post=8691"}],"version-history":[{"count":0,"href":"https:\/\/yuancarevietnam.com\/en\/wp-json\/wp\/v2\/product\/8691\/revisions"}],"wp:featuredmedia":[{"embeddable":true,"href":"https:\/\/yuancarevietnam.com\/en\/wp-json\/wp\/v2\/media\/8772"}],"wp:attachment":[{"href":"https:\/\/yuancarevietnam.com\/en\/wp-json\/wp\/v2\/media?parent=8691"}],"wp:term":[{"taxonomy":"product_brand","embeddable":true,"href":"https:\/\/yuancarevietnam.com\/en\/wp-json\/wp\/v2\/product_brand?post=8691"},{"taxonomy":"product_cat","embeddable":true,"href":"https:\/\/yuancarevietnam.com\/en\/wp-json\/wp\/v2\/product_cat?post=8691"},{"taxonomy":"product_tag","embeddable":true,"href":"https:\/\/yuancarevietnam.com\/en\/wp-json\/wp\/v2\/product_tag?post=8691"}],"curies":[{"name":"wp","href":"https:\/\/api.w.org\/{rel}","templated":true}]}}