{"id":8649,"date":"2025-07-29T16:45:16","date_gmt":"2025-07-29T09:45:16","guid":{"rendered":"https:\/\/yuancarevietnam.com\/?post_type=product&#038;p=8649"},"modified":"2026-04-07T16:54:38","modified_gmt":"2026-04-07T09:54:38","slug":"son-duong-moi-hoa-hong","status":"publish","type":"product","link":"https:\/\/yuancarevietnam.com\/en\/product\/son-duong-moi-hoa-hong\/","title":{"rendered":"[S\u1ea2N PH\u1ea8M DATE NG\u1eaeN D\u01af\u1edaI 1 N\u0102M] SON D\u01af\u1ee0NG M\u00d4I HOA H\u1ed2NG"},"content":{"rendered":"<p><b>Funtions<\/b> <b>&amp; skin type<\/b><b>:<\/b><\/p>\n<ul>\n<li data-start=\"309\" data-end=\"341\">\n<p data-start=\"311\" data-end=\"341\">D\u01b0\u1ee1ng \u1ea9m cho m\u00f4i kh\u00f4, n\u1ee9t n\u1ebb<\/p>\n<\/li>\n<li data-start=\"342\" data-end=\"375\">\n<p data-start=\"344\" data-end=\"375\">Gi\u1eef cho m\u00f4i m\u1ec1m m\u1ea1i, m\u1ecbn m\u00e0ng<\/p>\n<\/li>\n<li data-start=\"376\" data-end=\"431\">\n<p data-start=\"378\" data-end=\"431\">B\u1ea3o v\u1ec7 m\u00f4i tr\u01b0\u1edbc t\u00e1c \u0111\u1ed9ng t\u1eeb th\u1eddi ti\u1ebft ho\u1eb7c son m\u00e0u<\/p>\n<\/li>\n<li data-start=\"432\" data-end=\"497\">\n<p data-start=\"434\" data-end=\"497\">H\u01b0\u01a1ng hoa h\u1ed3ng nh\u1eb9 nh\u00e0ng mang l\u1ea1i c\u1ea3m gi\u00e1c th\u01b0 gi\u00e3n khi s\u1eed d\u1ee5ng<\/p>\n<\/li>\n<\/ul>\n<p><b>Ingredient: <\/b><\/p>\n<p>BUTYROSPERMUM PARKII (SHEA) BUTTER\uff0cCAPRYLIC\/CAPRIC TRIGLYCERIDE\uff0cCERA ALBA\uff0cOCTYLDODECANOL\uff0cTHEOBROMA CACAO (COCOA) SEED BUTTER\uff0cDICAPRYLYL CARBONATE\uff0cPHENOXYETHANOL (0,45%)\uff0cTOCOPHERYL ACETATE\uff0cROSA RUBIGINOSA SEED OIL\uff0cSIMMONDSIA CHINENSIS (JOJOBA) SEED OIL\uff0cJUNIPERUS MEXICANA OIL\uff0cROSA DAMASCENA FLOWER OIL\uff0cPELARGONIUMGRAVEOLENS OIL\uff0cETHYLHEXYLGLYCERIN\uff0cSANTALUM ALBUM (SANDALWOOD) OIL\uff0cBOSWELLIA CARTERII OIL\uff0cBISABOLOL<\/p>\n<p><b>About<\/b> <b>product<\/b> <b>product<\/b> <b>nourish<\/b><b> skin <\/b><b>belong to<\/b><b> Yuan:<\/b><\/p>\n<p>Yuan&#039;s skin care products are a combination of the essence of nature and modern technology, bringing healthy and beautiful skin from within. With natural plant extracts and advanced cold extraction technology, the product retains the essence of nutrients, helping the skin absorb easily and effectively. The formula contains pure natural essential oils, optimally caring for and protecting the skin. Without using petrochemical ingredients, the product minimizes damage to the skin and does not contain artificial fragrances or colorants, providing absolute safety and benignity. Yuan - the perfect choice for naturally healthy and beautiful skin.<\/p>\n<p><b>Direction<\/b> <b>guide<\/b> <b>history<\/b> <b>&amp; skin type<\/b><b>:<\/b><\/p>\n<ul>\n<li data-start=\"948\" data-end=\"1018\">\n<p data-start=\"951\" data-end=\"1018\">Thoa tr\u1ef1c ti\u1ebfp l\u00ean m\u00f4i b\u1ea5t c\u1ee9 khi n\u00e0o c\u1ea3m th\u1ea5y kh\u00f4 ho\u1eb7c c\u1ea7n d\u01b0\u1ee1ng<\/p>\n<\/li>\n<li data-start=\"1019\" data-end=\"1083\">\n<p data-start=\"1022\" data-end=\"1083\">C\u00f3 th\u1ec3 s\u1eed d\u1ee5ng tr\u01b0\u1edbc khi \u0111\u00e1nh son m\u00e0u \u0111\u1ec3 t\u1ea1o l\u1edbp n\u1ec1n \u1ea9m m\u1ecbn<\/p>\n<\/li>\n<li data-start=\"1084\" data-end=\"1148\">\n<p data-start=\"1087\" data-end=\"1148\">D\u00f9ng nh\u01b0 m\u1eb7t n\u1ea1 ng\u1ee7 m\u00f4i v\u00e0o bu\u1ed5i t\u1ed1i \u0111\u1ec3 h\u1ed7 tr\u1ee3 ph\u1ee5c h\u1ed3i m\u00f4i<\/p>\n<\/li>\n<li data-start=\"1149\" data-end=\"1198\">\n<p data-start=\"1152\" data-end=\"1198\">B\u1ea3o qu\u1ea3n n\u01a1i kh\u00f4 r\u00e1o, tr\u00e1nh \u00e1nh n\u1eafng tr\u1ef1c ti\u1ebfp<\/p>\n<\/li>\n<\/ul>\n<p class=\"translation-block\"><b>Information about YUAN:\u00a0 <\/b><\/p>\n<p>YUAN \u2013 Herbal expert from Taiwan. Established in 2005, started the journey with Taiwanese herbal products, combining Oriental health care methods and the philosophy of \u201cLiving is loving the body and being good to the environment\u201d.<\/p>\n<p>From the YUAN Farm in Yangmingshan, where YUAN grows herbs using the \u201cHeaven gives birth to elephants and grasses\u201d method, we utilize natural resources to create the purest and highest quality body care products. YUAN brings a delicate combination of artisanal spirit, labor aesthetics and herbal wisdom, to bring you healthy and radiant skin through natural and effective skin care products.<\/p>\n<p>Yuan\u2019s product portfolio ranges from body care, hair care, skin care, oral care, and aromatherapy, and features handmade soaps. Each bar is handcrafted in 18 steps and cold-pressed for 60 days to preserve the properties of the herbs.<\/p>\n<p>The ingredients in Yuan products are mostly extracted from natural and environmentally friendly ingredients that help restore your skin thanks to the powerful properties of precious herbs. The products do not contain preservatives, artificial colors or fragrances, providing safety and optimal effectiveness for users.<\/p>","protected":false},"excerpt":{"rendered":"<p><b>Net<\/b> <b>volume<\/b> <b>: 115<\/b><b>: 10G<br \/>\n<\/b>V\u1edbi c\u00f4ng th\u1ee9c nh\u1eb9 nh\u00e0ng, gi\u1eef cho da M\u00d4I lu\u00f4n \u0111\u01b0\u1ee3c c\u00e2n b\u1eb1ng v\u00e0 duy tr\u00ec \u0111\u1ed9 \u1ea9m t\u1ef1 nhi\u00ean, gi\u00fap m\u00f4i th\u00eam r\u1ea1ng r\u1ee1 v\u00e0 m\u1ec1m m\u1ea1i.<\/p>","protected":false},"featured_media":9277,"comment_status":"open","ping_status":"closed","template":"","meta":[],"product_brand":[],"product_cat":[88],"product_tag":[],"class_list":{"0":"post-8649","1":"product","2":"type-product","3":"status-publish","4":"has-post-thumbnail","6":"product_cat-cham-soc-da","8":"first","9":"instock","10":"sale","11":"featured","12":"shipping-taxable","13":"purchasable","14":"product-type-simple"},"_links":{"self":[{"href":"https:\/\/yuancarevietnam.com\/en\/wp-json\/wp\/v2\/product\/8649","targetHints":{"allow":["GET"]}}],"collection":[{"href":"https:\/\/yuancarevietnam.com\/en\/wp-json\/wp\/v2\/product"}],"about":[{"href":"https:\/\/yuancarevietnam.com\/en\/wp-json\/wp\/v2\/types\/product"}],"replies":[{"embeddable":true,"href":"https:\/\/yuancarevietnam.com\/en\/wp-json\/wp\/v2\/comments?post=8649"}],"version-history":[{"count":0,"href":"https:\/\/yuancarevietnam.com\/en\/wp-json\/wp\/v2\/product\/8649\/revisions"}],"wp:featuredmedia":[{"embeddable":true,"href":"https:\/\/yuancarevietnam.com\/en\/wp-json\/wp\/v2\/media\/9277"}],"wp:attachment":[{"href":"https:\/\/yuancarevietnam.com\/en\/wp-json\/wp\/v2\/media?parent=8649"}],"wp:term":[{"taxonomy":"product_brand","embeddable":true,"href":"https:\/\/yuancarevietnam.com\/en\/wp-json\/wp\/v2\/product_brand?post=8649"},{"taxonomy":"product_cat","embeddable":true,"href":"https:\/\/yuancarevietnam.com\/en\/wp-json\/wp\/v2\/product_cat?post=8649"},{"taxonomy":"product_tag","embeddable":true,"href":"https:\/\/yuancarevietnam.com\/en\/wp-json\/wp\/v2\/product_tag?post=8649"}],"curies":[{"name":"wp","href":"https:\/\/api.w.org\/{rel}","templated":true}]}}